{"id":29024,"date":"2020-09-20T15:58:13","date_gmt":"2020-09-20T13:58:13","guid":{"rendered":"https:\/\/genetics-sale.ch\/?page_id=29024"},"modified":"2020-09-27T20:00:14","modified_gmt":"2020-09-27T18:00:14","slug":"haenni","status":"publish","type":"page","link":"https:\/\/genetics-sale.ch\/en\/haenni\/","title":{"rendered":"Haenni Farms @ Home Sale"},"content":{"rendered":"<div data-elementor-type=\"wp-post\" data-elementor-id=\"29024\" class=\"elementor elementor-29024\" data-elementor-post-type=\"page\">\n\t\t\t\t\t\t<section class=\"elementor-section elementor-top-section elementor-element elementor-element-6962e2f0 elementor-section-stretched elementor-section-height-min-height elementor-section-boxed elementor-section-height-default elementor-section-items-middle\" data-id=\"6962e2f0\" data-element_type=\"section\" data-e-type=\"section\" data-settings=\"{&quot;stretch_section&quot;:&quot;section-stretched&quot;,&quot;background_background&quot;:&quot;classic&quot;}\">\n\t\t\t\t\t\t<div class=\"elementor-container elementor-column-gap-default\">\n\t\t\t\t\t<div class=\"elementor-column elementor-col-100 elementor-top-column elementor-element elementor-element-513d0c2\" data-id=\"513d0c2\" data-element_type=\"column\" data-e-type=\"column\">\n\t\t\t<div class=\"elementor-widget-wrap elementor-element-populated\">\n\t\t\t\t\t\t<div class=\"elementor-element elementor-element-1d050596 elementor-widget elementor-widget-heading\" data-id=\"1d050596\" data-element_type=\"widget\" data-e-type=\"widget\" data-widget_type=\"heading.default\">\n\t\t\t\t<div class=\"elementor-widget-container\">\n\t\t\t\t\t<h2 class=\"elementor-heading-title elementor-size-default\">FRIDAY 25.09 - SUNDAY 27.09.2020<\/h2>\t\t\t\t<\/div>\n\t\t\t\t<\/div>\n\t\t\t\t<div class=\"elementor-element elementor-element-15cdacec elementor-widget elementor-widget-heading\" data-id=\"15cdacec\" data-element_type=\"widget\" data-e-type=\"widget\" data-widget_type=\"heading.default\">\n\t\t\t\t<div class=\"elementor-widget-container\">\n\t\t\t\t\t<h2 class=\"elementor-heading-title elementor-size-default\">Haenni Farms @ Home Sale<\/h2>\t\t\t\t<\/div>\n\t\t\t\t<\/div>\n\t\t\t\t\t<\/div>\n\t\t<\/div>\n\t\t\t\t\t<\/div>\n\t\t<\/section>\n\t\t\t\t<section class=\"elementor-section elementor-top-section elementor-element elementor-element-50b8a3c6 elementor-section-stretched elementor-section-boxed elementor-section-height-default elementor-section-height-default\" data-id=\"50b8a3c6\" data-element_type=\"section\" data-e-type=\"section\" data-settings=\"{&quot;stretch_section&quot;:&quot;section-stretched&quot;,&quot;background_background&quot;:&quot;classic&quot;}\">\n\t\t\t\t\t\t<div class=\"elementor-container elementor-column-gap-default\">\n\t\t\t\t\t<div class=\"elementor-column elementor-col-100 elementor-top-column elementor-element elementor-element-52834fe2\" data-id=\"52834fe2\" data-element_type=\"column\" data-e-type=\"column\">\n\t\t\t<div class=\"elementor-widget-wrap elementor-element-populated\">\n\t\t\t\t\t\t<div class=\"elementor-element elementor-element-1eb24d56 elementor-widget elementor-widget-heading\" data-id=\"1eb24d56\" data-element_type=\"widget\" data-e-type=\"widget\" data-widget_type=\"heading.default\">\n\t\t\t\t<div class=\"elementor-widget-container\">\n\t\t\t\t\t<h2 class=\"elementor-heading-title elementor-size-large\">Program<\/h2>\t\t\t\t<\/div>\n\t\t\t\t<\/div>\n\t\t\t\t<div class=\"elementor-element elementor-element-855dd53 elementor-widget elementor-widget-text-editor\" data-id=\"855dd53\" data-element_type=\"widget\" data-e-type=\"widget\" data-widget_type=\"text-editor.default\">\n\t\t\t\t<div class=\"elementor-widget-container\">\n\t\t\t\t\t\t\t\t\t<p><strong>Friday 25.09.2020<\/strong><br \/>18.00 Start of the auction , All sale animals can be visited<br \/>18.00 Opening Restaurant &amp; Sale<br \/>21 - 22.00 \"Landi-Rundi \" Free beer from Landi Aare<\/p><p><br \/><strong>Saturday 26.09.2020<\/strong><br \/>10.00 Opening Restaurant &amp; Sale <br \/>21 - 22.00 \"Muni-Rundi\" free beer from Selectstar SA<\/p><p><strong>Sunday 27.09.2020<\/strong><br \/>10.00 Opening Restaurant &amp; Sale<br \/>16.00 End of the auction<\/p>\t\t\t\t\t\t\t\t<\/div>\n\t\t\t\t<\/div>\n\t\t\t\t\t<\/div>\n\t\t<\/div>\n\t\t\t\t\t<\/div>\n\t\t<\/section>\n\t\t\t\t<section class=\"elementor-section elementor-top-section elementor-element elementor-element-5d6eaf3 elementor-section-boxed elementor-section-height-default elementor-section-height-default\" data-id=\"5d6eaf3\" data-element_type=\"section\" data-e-type=\"section\">\n\t\t\t\t\t\t<div class=\"elementor-container elementor-column-gap-default\">\n\t\t\t\t\t<div class=\"elementor-column elementor-col-100 elementor-top-column elementor-element elementor-element-a6aa014\" data-id=\"a6aa014\" data-element_type=\"column\" data-e-type=\"column\">\n\t\t\t<div class=\"elementor-widget-wrap elementor-element-populated\">\n\t\t\t\t\t\t<div class=\"elementor-element elementor-element-e67f87e elementor-widget elementor-widget-heading\" data-id=\"e67f87e\" data-element_type=\"widget\" data-e-type=\"widget\" data-widget_type=\"heading.default\">\n\t\t\t\t<div class=\"elementor-widget-container\">\n\t\t\t\t\t<h3 class=\"elementor-heading-title elementor-size-default\">Catalog<\/h3>\t\t\t\t<\/div>\n\t\t\t\t<\/div>\n\t\t\t\t<div class=\"elementor-element elementor-element-1d3193c elementor-widget elementor-widget-html\" data-id=\"1d3193c\" data-element_type=\"widget\" data-e-type=\"widget\" data-widget_type=\"html.default\">\n\t\t\t\t<div class=\"elementor-widget-container\">\n\t\t\t\t\t<iframe style=\"width:900px;height:500px\" src=\"https:\/\/online.fliphtml5.com\/lwbq\/lyrb\/\"  seamless=\"seamless\" scrolling=\"no\" frameborder=\"0\" allowtransparency=\"true\" allowfullscreen=\"true\" ><\/iframe>\t\t\t\t<\/div>\n\t\t\t\t<\/div>\n\t\t\t\t\t<\/div>\n\t\t<\/div>\n\t\t\t\t\t<\/div>\n\t\t<\/section>\n\t\t\t\t<section class=\"elementor-section elementor-top-section elementor-element elementor-element-9b7279c elementor-section-full_width elementor-section-height-default elementor-section-height-default\" data-id=\"9b7279c\" data-element_type=\"section\" data-e-type=\"section\" data-settings=\"{&quot;background_background&quot;:&quot;classic&quot;}\">\n\t\t\t\t\t\t<div class=\"elementor-container elementor-column-gap-default\">\n\t\t\t\t\t<div class=\"elementor-column elementor-col-100 elementor-top-column elementor-element elementor-element-5b7db01\" data-id=\"5b7db01\" data-element_type=\"column\" data-e-type=\"column\">\n\t\t\t<div class=\"elementor-widget-wrap elementor-element-populated\">\n\t\t\t\t\t\t<div class=\"elementor-element elementor-element-f6a5d26 elementor-widget elementor-widget-spacer\" data-id=\"f6a5d26\" data-element_type=\"widget\" data-e-type=\"widget\" data-widget_type=\"spacer.default\">\n\t\t\t\t<div class=\"elementor-widget-container\">\n\t\t\t\t\t\t\t<div class=\"elementor-spacer\">\n\t\t\t<div class=\"elementor-spacer-inner\"><\/div>\n\t\t<\/div>\n\t\t\t\t\t\t<\/div>\n\t\t\t\t<\/div>\n\t\t\t\t<div class=\"elementor-element elementor-element-bebb711 elementor-widget elementor-widget-heading\" data-id=\"bebb711\" data-element_type=\"widget\" data-e-type=\"widget\" data-widget_type=\"heading.default\">\n\t\t\t\t<div class=\"elementor-widget-container\">\n\t\t\t\t\t<h2 class=\"elementor-heading-title elementor-size-default\">How it works?<\/h2>\t\t\t\t<\/div>\n\t\t\t\t<\/div>\n\t\t\t\t<div class=\"elementor-element elementor-element-2f8c177 elementor-widget elementor-widget-heading\" data-id=\"2f8c177\" data-element_type=\"widget\" data-e-type=\"widget\" data-widget_type=\"heading.default\">\n\t\t\t\t<div class=\"elementor-widget-container\">\n\t\t\t\t\t<h2 class=\"elementor-heading-title elementor-size-default\">To create an account<\/h2>\t\t\t\t<\/div>\n\t\t\t\t<\/div>\n\t\t\t\t<div class=\"elementor-element elementor-element-881e4e7 elementor-widget elementor-widget-writing-effect-headline\" data-id=\"881e4e7\" data-element_type=\"widget\" data-e-type=\"widget\" data-widget_type=\"writing-effect-headline.default\">\n\t\t\t\t<div class=\"elementor-widget-container\">\n\t\t\t\t\t\t\t<p class=\"a13ree-written-headline\" data-speed=\"35\" data-loop=\"1\">\r\n\t\t\t\t\t\t\t<span class=\"before-written\">Registration on the<\/span>\r\n\t\t\t\r\n\t\t\t            <span class=\"written-lines elementor-screen-only\">website<\/span>\r\n\t\t\t\r\n\t\t\t\t\t<\/p>\r\n\t\t\t\t\t\t<\/div>\n\t\t\t\t<\/div>\n\t\t\t\t<div class=\"elementor-element elementor-element-3a9b445 elementor-widget elementor-widget-text-editor\" data-id=\"3a9b445\" data-element_type=\"widget\" data-e-type=\"widget\" data-widget_type=\"text-editor.default\">\n\t\t\t\t<div class=\"elementor-widget-container\">\n\t\t\t\t\t\t\t\t\t<ol><li>Visit our auction <strong><a href=\"https:\/\/events.handbid.com\/auctions\/haenni-farms-home-sale\/items\" target=\"_blank\" rel=\"noopener\">website<\/a><\/strong><\/li><li>Click in the top right menu on <strong>Login<\/strong><\/li><li>Select\u00a0 <strong>create account<\/strong> at the bottom right of the login screen. You will be asked to enter the following information: First and last name, e-mail address, <em><span class=\"pink-text\">passphrase \/ <\/span><\/em>password, selection of the country e.g. Switzerland, and your <em>cell phone number<\/em>. <br \/><em><span class=\"pink-text\">Anstelle eines Passwort k\u00f6nnen Sie Passphrase verwendet. Ein Passphrase \u00e4hnelt einem verwendeten Kennwort, ist jedoch im Allgemeinen l\u00e4nger, um die Sicherheit zu erh\u00f6hen. Verwenden Sie so etwas wie &#8222;I luv rock and roll&#8220;<br \/><\/span><\/em><\/li><li>You are asked to agree to the terms and conditions<\/li><li>The registration is now complete and you will be assigned an Event ID number. <br \/>To bid via smartphone and computer without an app in our system, select the button <strong><em>Start bidding<\/em><\/strong> and here we go<\/li><li>Now choose an auction e.g. TEST | Genetics Sale where you want to place a bid.<br \/>Alternatively you can use the button <em>Find events<\/em> also search an auction by name<\/li><li>Once you are registered, you will receive an SMS with your Handbid PIN code and a link to log in to the app. (NOTE: You must download the handbid app before this link works)<\/li><\/ol>\t\t\t\t\t\t\t\t<\/div>\n\t\t\t\t<\/div>\n\t\t\t\t\t<\/div>\n\t\t<\/div>\n\t\t\t\t\t<\/div>\n\t\t<\/section>\n\t\t\t\t<section class=\"elementor-section elementor-top-section elementor-element elementor-element-8fbbcf4 elementor-section-stretched elementor-section-boxed elementor-section-height-default elementor-section-height-default\" data-id=\"8fbbcf4\" data-element_type=\"section\" data-e-type=\"section\" data-settings=\"{&quot;stretch_section&quot;:&quot;section-stretched&quot;}\">\n\t\t\t\t\t\t<div class=\"elementor-container elementor-column-gap-default\">\n\t\t\t\t\t<div class=\"elementor-column elementor-col-100 elementor-top-column elementor-element elementor-element-70f01da\" data-id=\"70f01da\" data-element_type=\"column\" data-e-type=\"column\">\n\t\t\t<div class=\"elementor-widget-wrap elementor-element-populated\">\n\t\t\t\t\t\t<div class=\"elementor-element elementor-element-c6a3c07 elementor-widget elementor-widget-heading\" data-id=\"c6a3c07\" data-element_type=\"widget\" data-e-type=\"widget\" data-widget_type=\"heading.default\">\n\t\t\t\t<div class=\"elementor-widget-container\">\n\t\t\t\t\t<span class=\"elementor-heading-title elementor-size-default\"> Whether you bid online or in the app, here are some simple tips to help you<\/span>\t\t\t\t<\/div>\n\t\t\t\t<\/div>\n\t\t\t\t<div class=\"elementor-element elementor-element-35b2eb0 elementor-widget elementor-widget-text-editor\" data-id=\"35b2eb0\" data-element_type=\"widget\" data-e-type=\"widget\" data-widget_type=\"text-editor.default\">\n\t\t\t\t<div class=\"elementor-widget-container\">\n\t\t\t\t\t\t\t\t\t<ul><li style=\"text-align: left;\"><span class=\"s3\"><span class=\"s3\"><strong>MAX BID: <\/strong><\/span><\/span>When you bid on a lot, you may choose to place a max bid (maximum bid) representing the highest amount that you're willing to pay at the moment.\nOur automatic bidding technology will then place bids on your behalf. It will always place the lowest bid necessary and never go higher than your max bid. During the auction, you can change your maximum bid at any time: Just place a new bid for a different amount. You will never bid against yourself, even if you increase your max bid.<br \/><br \/><em><span class=\"s1\">We recommend that you place a maximum bid, as the auction will not be extended. This ensures that you will not lose the desired offer at the last minute!<\/span><\/em><\/li><li style=\"text-align: left;\"><strong>NOTIFICATIONS<\/strong>If you have downloaded the Handbid app and accepted push notifications, you will be notified by push notifications if you are outbid on an item.<br \/><br \/>If you do not have the app, you will receive text messages from Handbid.<\/li><li style=\"text-align: left;\"><span class=\"s3\"><strong>DASHBOARD<\/strong><\/span><span class=\"s1\">Monitor your current results on the dashboard screen in your app or online. <\/span><\/li><\/ul>\t\t\t\t\t\t\t\t<\/div>\n\t\t\t\t<\/div>\n\t\t\t\t\t<\/div>\n\t\t<\/div>\n\t\t\t\t\t<\/div>\n\t\t<\/section>\n\t\t\t\t<section class=\"elementor-section elementor-top-section elementor-element elementor-element-9429597 elementor-section-boxed elementor-section-height-default elementor-section-height-default\" data-id=\"9429597\" data-element_type=\"section\" data-e-type=\"section\">\n\t\t\t\t\t\t<div class=\"elementor-container elementor-column-gap-default\">\n\t\t\t\t\t<div class=\"elementor-column elementor-col-100 elementor-top-column elementor-element elementor-element-030a523\" data-id=\"030a523\" data-element_type=\"column\" data-e-type=\"column\">\n\t\t\t<div class=\"elementor-widget-wrap elementor-element-populated\">\n\t\t\t\t\t\t<div class=\"elementor-element elementor-element-cd77d2b elementor-widget elementor-widget-heading\" data-id=\"cd77d2b\" data-element_type=\"widget\" data-e-type=\"widget\" data-widget_type=\"heading.default\">\n\t\t\t\t<div class=\"elementor-widget-container\">\n\t\t\t\t\t<span class=\"elementor-heading-title elementor-size-default\">Advertising<\/span>\t\t\t\t<\/div>\n\t\t\t\t<\/div>\n\t\t\t\t<div class=\"elementor-element elementor-element-b2f1acf elementor-widget elementor-widget-image\" data-id=\"b2f1acf\" data-element_type=\"widget\" data-e-type=\"widget\" data-widget_type=\"image.default\">\n\t\t\t\t<div class=\"elementor-widget-container\">\n\t\t\t\t\t\t\t\t\t\t\t\t\t\t\t\t<a href=\"https:\/\/www.heiniger.com\/switzerland\/\" target=\"_blank\">\n\t\t\t\t\t\t\t<img fetchpriority=\"high\" decoding=\"async\" width=\"1988\" height=\"500\" src=\"https:\/\/genetics-sale.ch\/wp-content\/uploads\/2020\/09\/Banner_Opal_994x250px.jpg\" class=\"attachment-full size-full wp-image-29108\" alt=\"\" srcset=\"https:\/\/genetics-sale.ch\/wp-content\/uploads\/2020\/09\/Banner_Opal_994x250px.jpg 1988w, https:\/\/genetics-sale.ch\/wp-content\/uploads\/2020\/09\/Banner_Opal_994x250px-300x75.jpg 300w, https:\/\/genetics-sale.ch\/wp-content\/uploads\/2020\/09\/Banner_Opal_994x250px-1024x258.jpg 1024w, https:\/\/genetics-sale.ch\/wp-content\/uploads\/2020\/09\/Banner_Opal_994x250px-768x193.jpg 768w, https:\/\/genetics-sale.ch\/wp-content\/uploads\/2020\/09\/Banner_Opal_994x250px-1536x386.jpg 1536w, https:\/\/genetics-sale.ch\/wp-content\/uploads\/2020\/09\/Banner_Opal_994x250px-600x151.jpg 600w, https:\/\/genetics-sale.ch\/wp-content\/uploads\/2020\/09\/Banner_Opal_994x250px-620x155.jpg 620w, https:\/\/genetics-sale.ch\/wp-content\/uploads\/2020\/09\/Banner_Opal_994x250px-400x100.jpg 400w\" sizes=\"(max-width: 1988px) 100vw, 1988px\" \/>\t\t\t\t\t\t\t\t<\/a>\n\t\t\t\t\t\t\t\t\t\t\t\t\t\t\t<\/div>\n\t\t\t\t<\/div>\n\t\t\t\t\t<\/div>\n\t\t<\/div>\n\t\t\t\t\t<\/div>\n\t\t<\/section>\n\t\t\t\t<\/div>","protected":false},"excerpt":{"rendered":"<p>Freitag 25.09 &#8211; Sonntag 27.09.2020 H\u00e4nni Farms @ Home Sale&hellip;<\/p>\n<p> <a class=\"more-link\" href=\"https:\/\/genetics-sale.ch\/en\/haenni\/\">Read more<\/a><\/p>","protected":false},"author":1,"featured_media":0,"parent":0,"menu_order":0,"comment_status":"closed","ping_status":"closed","template":"","meta":{"_acf_changed":false,"footnotes":""},"class_list":["post-29024","page","type-page","status-publish"],"acf":[],"yoast_head":"<!-- This site is optimized with the Yoast SEO plugin v27.4 - https:\/\/yoast.com\/product\/yoast-seo-wordpress\/ -->\n<title>H\u00e4nni Farms @ Home Sale - Genetics Sale<\/title>\n<meta name=\"robots\" content=\"index, follow, max-snippet:-1, max-image-preview:large, max-video-preview:-1\" \/>\n<link rel=\"canonical\" href=\"https:\/\/genetics-sale.ch\/en\/haenni\/\" \/>\n<meta property=\"og:locale\" content=\"en_US\" \/>\n<meta property=\"og:type\" content=\"article\" \/>\n<meta property=\"og:title\" content=\"H\u00e4nni Farms @ Home Sale - Genetics Sale\" \/>\n<meta property=\"og:description\" content=\"Freitag 25.09 &#8211; Sonntag 27.09.2020 H\u00e4nni Farms @ Home Sale&hellip;  Read more\" \/>\n<meta property=\"og:url\" content=\"https:\/\/genetics-sale.ch\/en\/haenni\/\" \/>\n<meta property=\"og:site_name\" content=\"Genetics Sale\" \/>\n<meta property=\"article:publisher\" content=\"https:\/\/www.facebook.com\/Genetics-Sale-107750501087256\" \/>\n<meta property=\"article:modified_time\" content=\"2020-09-27T18:00:14+00:00\" \/>\n<meta property=\"og:image\" content=\"https:\/\/genetics-sale.ch\/wp-content\/uploads\/2020\/09\/Banner_Opal_994x250px.jpg\" \/>\n<meta name=\"twitter:card\" content=\"summary_large_image\" \/>\n<meta name=\"twitter:label1\" content=\"Est. reading time\" \/>\n\t<meta name=\"twitter:data1\" content=\"2 minutes\" \/>\n<script type=\"application\/ld+json\" class=\"yoast-schema-graph\">{\"@context\":\"https:\\\/\\\/schema.org\",\"@graph\":[{\"@type\":\"WebPage\",\"@id\":\"https:\\\/\\\/genetics-sale.ch\\\/haenni\\\/\",\"url\":\"https:\\\/\\\/genetics-sale.ch\\\/haenni\\\/\",\"name\":\"H\u00e4nni Farms @ Home Sale - Genetics Sale\",\"isPartOf\":{\"@id\":\"https:\\\/\\\/genetics-sale.ch\\\/#website\"},\"primaryImageOfPage\":{\"@id\":\"https:\\\/\\\/genetics-sale.ch\\\/haenni\\\/#primaryimage\"},\"image\":{\"@id\":\"https:\\\/\\\/genetics-sale.ch\\\/haenni\\\/#primaryimage\"},\"thumbnailUrl\":\"https:\\\/\\\/genetics-sale.ch\\\/wp-content\\\/uploads\\\/2020\\\/09\\\/Banner_Opal_994x250px.jpg\",\"datePublished\":\"2020-09-20T13:58:13+00:00\",\"dateModified\":\"2020-09-27T18:00:14+00:00\",\"breadcrumb\":{\"@id\":\"https:\\\/\\\/genetics-sale.ch\\\/haenni\\\/#breadcrumb\"},\"inLanguage\":\"en-US\",\"potentialAction\":[{\"@type\":\"ReadAction\",\"target\":[\"https:\\\/\\\/genetics-sale.ch\\\/haenni\\\/\"]}]},{\"@type\":\"ImageObject\",\"inLanguage\":\"en-US\",\"@id\":\"https:\\\/\\\/genetics-sale.ch\\\/haenni\\\/#primaryimage\",\"url\":\"https:\\\/\\\/genetics-sale.ch\\\/wp-content\\\/uploads\\\/2020\\\/09\\\/Banner_Opal_994x250px.jpg\",\"contentUrl\":\"https:\\\/\\\/genetics-sale.ch\\\/wp-content\\\/uploads\\\/2020\\\/09\\\/Banner_Opal_994x250px.jpg\"},{\"@type\":\"BreadcrumbList\",\"@id\":\"https:\\\/\\\/genetics-sale.ch\\\/haenni\\\/#breadcrumb\",\"itemListElement\":[{\"@type\":\"ListItem\",\"position\":1,\"name\":\"Startseite\",\"item\":\"https:\\\/\\\/genetics-sale.ch\\\/\"},{\"@type\":\"ListItem\",\"position\":2,\"name\":\"H\u00e4nni Farms @ Home Sale\"}]},{\"@type\":\"WebSite\",\"@id\":\"https:\\\/\\\/genetics-sale.ch\\\/#website\",\"url\":\"https:\\\/\\\/genetics-sale.ch\\\/\",\"name\":\"Genetics Sale\",\"description\":\"Die L\u00f6sung des modernen und fairen Handels\",\"publisher\":{\"@id\":\"https:\\\/\\\/genetics-sale.ch\\\/#organization\"},\"potentialAction\":[{\"@type\":\"SearchAction\",\"target\":{\"@type\":\"EntryPoint\",\"urlTemplate\":\"https:\\\/\\\/genetics-sale.ch\\\/?s={search_term_string}\"},\"query-input\":{\"@type\":\"PropertyValueSpecification\",\"valueRequired\":true,\"valueName\":\"search_term_string\"}}],\"inLanguage\":\"en-US\"},{\"@type\":\"Organization\",\"@id\":\"https:\\\/\\\/genetics-sale.ch\\\/#organization\",\"name\":\"Genetics Sale\",\"url\":\"https:\\\/\\\/genetics-sale.ch\\\/\",\"logo\":{\"@type\":\"ImageObject\",\"inLanguage\":\"en-US\",\"@id\":\"https:\\\/\\\/genetics-sale.ch\\\/#\\\/schema\\\/logo\\\/image\\\/\",\"url\":\"https:\\\/\\\/genetics-sale.ch\\\/wp-content\\\/uploads\\\/2020\\\/09\\\/GeneticsSale.png\",\"contentUrl\":\"https:\\\/\\\/genetics-sale.ch\\\/wp-content\\\/uploads\\\/2020\\\/09\\\/GeneticsSale.png\",\"width\":6201,\"height\":2501,\"caption\":\"Genetics Sale\"},\"image\":{\"@id\":\"https:\\\/\\\/genetics-sale.ch\\\/#\\\/schema\\\/logo\\\/image\\\/\"},\"sameAs\":[\"https:\\\/\\\/www.facebook.com\\\/Genetics-Sale-107750501087256\",\"https:\\\/\\\/www.youtube.com\\\/channel\\\/UCNLUm6YZPXhuAlGd_gphb1w?reload=9\"]}]}<\/script>\n<!-- \/ Yoast SEO plugin. -->","yoast_head_json":{"title":"H\u00e4nni Farms @ Home Sale - Genetics Sale","robots":{"index":"index","follow":"follow","max-snippet":"max-snippet:-1","max-image-preview":"max-image-preview:large","max-video-preview":"max-video-preview:-1"},"canonical":"https:\/\/genetics-sale.ch\/en\/haenni\/","og_locale":"en_US","og_type":"article","og_title":"H\u00e4nni Farms @ Home Sale - Genetics Sale","og_description":"Freitag 25.09 &#8211; Sonntag 27.09.2020 H\u00e4nni Farms @ Home Sale&hellip;  Read more","og_url":"https:\/\/genetics-sale.ch\/en\/haenni\/","og_site_name":"Genetics Sale","article_publisher":"https:\/\/www.facebook.com\/Genetics-Sale-107750501087256","article_modified_time":"2020-09-27T18:00:14+00:00","og_image":[{"url":"https:\/\/genetics-sale.ch\/wp-content\/uploads\/2020\/09\/Banner_Opal_994x250px.jpg","type":"","width":"","height":""}],"twitter_card":"summary_large_image","twitter_misc":{"Est. reading time":"2 minutes"},"schema":{"@context":"https:\/\/schema.org","@graph":[{"@type":"WebPage","@id":"https:\/\/genetics-sale.ch\/haenni\/","url":"https:\/\/genetics-sale.ch\/haenni\/","name":"H\u00e4nni Farms @ Home Sale - Genetics Sale","isPartOf":{"@id":"https:\/\/genetics-sale.ch\/#website"},"primaryImageOfPage":{"@id":"https:\/\/genetics-sale.ch\/haenni\/#primaryimage"},"image":{"@id":"https:\/\/genetics-sale.ch\/haenni\/#primaryimage"},"thumbnailUrl":"https:\/\/genetics-sale.ch\/wp-content\/uploads\/2020\/09\/Banner_Opal_994x250px.jpg","datePublished":"2020-09-20T13:58:13+00:00","dateModified":"2020-09-27T18:00:14+00:00","breadcrumb":{"@id":"https:\/\/genetics-sale.ch\/haenni\/#breadcrumb"},"inLanguage":"en-US","potentialAction":[{"@type":"ReadAction","target":["https:\/\/genetics-sale.ch\/haenni\/"]}]},{"@type":"ImageObject","inLanguage":"en-US","@id":"https:\/\/genetics-sale.ch\/haenni\/#primaryimage","url":"https:\/\/genetics-sale.ch\/wp-content\/uploads\/2020\/09\/Banner_Opal_994x250px.jpg","contentUrl":"https:\/\/genetics-sale.ch\/wp-content\/uploads\/2020\/09\/Banner_Opal_994x250px.jpg"},{"@type":"BreadcrumbList","@id":"https:\/\/genetics-sale.ch\/haenni\/#breadcrumb","itemListElement":[{"@type":"ListItem","position":1,"name":"Startseite","item":"https:\/\/genetics-sale.ch\/"},{"@type":"ListItem","position":2,"name":"H\u00e4nni Farms @ Home Sale"}]},{"@type":"WebSite","@id":"https:\/\/genetics-sale.ch\/#website","url":"https:\/\/genetics-sale.ch\/","name":"Genetics Sale","description":"The way of modern and fair commerce","publisher":{"@id":"https:\/\/genetics-sale.ch\/#organization"},"potentialAction":[{"@type":"SearchAction","target":{"@type":"EntryPoint","urlTemplate":"https:\/\/genetics-sale.ch\/?s={search_term_string}"},"query-input":{"@type":"PropertyValueSpecification","valueRequired":true,"valueName":"search_term_string"}}],"inLanguage":"en-US"},{"@type":"Organization","@id":"https:\/\/genetics-sale.ch\/#organization","name":"Genetics Sale","url":"https:\/\/genetics-sale.ch\/","logo":{"@type":"ImageObject","inLanguage":"en-US","@id":"https:\/\/genetics-sale.ch\/#\/schema\/logo\/image\/","url":"https:\/\/genetics-sale.ch\/wp-content\/uploads\/2020\/09\/GeneticsSale.png","contentUrl":"https:\/\/genetics-sale.ch\/wp-content\/uploads\/2020\/09\/GeneticsSale.png","width":6201,"height":2501,"caption":"Genetics Sale"},"image":{"@id":"https:\/\/genetics-sale.ch\/#\/schema\/logo\/image\/"},"sameAs":["https:\/\/www.facebook.com\/Genetics-Sale-107750501087256","https:\/\/www.youtube.com\/channel\/UCNLUm6YZPXhuAlGd_gphb1w?reload=9"]}]}},"_links":{"self":[{"href":"https:\/\/genetics-sale.ch\/en\/wp-json\/wp\/v2\/pages\/29024","targetHints":{"allow":["GET"]}}],"collection":[{"href":"https:\/\/genetics-sale.ch\/en\/wp-json\/wp\/v2\/pages"}],"about":[{"href":"https:\/\/genetics-sale.ch\/en\/wp-json\/wp\/v2\/types\/page"}],"author":[{"embeddable":true,"href":"https:\/\/genetics-sale.ch\/en\/wp-json\/wp\/v2\/users\/1"}],"replies":[{"embeddable":true,"href":"https:\/\/genetics-sale.ch\/en\/wp-json\/wp\/v2\/comments?post=29024"}],"version-history":[{"count":30,"href":"https:\/\/genetics-sale.ch\/en\/wp-json\/wp\/v2\/pages\/29024\/revisions"}],"predecessor-version":[{"id":29354,"href":"https:\/\/genetics-sale.ch\/en\/wp-json\/wp\/v2\/pages\/29024\/revisions\/29354"}],"wp:attachment":[{"href":"https:\/\/genetics-sale.ch\/en\/wp-json\/wp\/v2\/media?parent=29024"}],"curies":[{"name":"wp","href":"https:\/\/api.w.org\/{rel}","templated":true}]}}