{"id":29024,"date":"2020-09-20T15:58:13","date_gmt":"2020-09-20T13:58:13","guid":{"rendered":"https:\/\/genetics-sale.ch\/?page_id=29024"},"modified":"2020-09-27T20:00:14","modified_gmt":"2020-09-27T18:00:14","slug":"haenni","status":"publish","type":"page","link":"https:\/\/genetics-sale.ch\/fr\/haenni\/","title":{"rendered":"H\u00e4nni Farms @ Home Sale"},"content":{"rendered":"<div data-elementor-type=\"wp-post\" data-elementor-id=\"29024\" class=\"elementor elementor-29024\" data-elementor-post-type=\"page\">\n\t\t\t\t\t\t<section class=\"elementor-section elementor-top-section elementor-element elementor-element-6962e2f0 elementor-section-stretched elementor-section-height-min-height elementor-section-boxed elementor-section-height-default elementor-section-items-middle\" data-id=\"6962e2f0\" data-element_type=\"section\" data-e-type=\"section\" data-settings=\"{&quot;stretch_section&quot;:&quot;section-stretched&quot;,&quot;background_background&quot;:&quot;classic&quot;}\">\n\t\t\t\t\t\t<div class=\"elementor-container elementor-column-gap-default\">\n\t\t\t\t\t<div class=\"elementor-column elementor-col-100 elementor-top-column elementor-element elementor-element-513d0c2\" data-id=\"513d0c2\" data-element_type=\"column\" data-e-type=\"column\">\n\t\t\t<div class=\"elementor-widget-wrap elementor-element-populated\">\n\t\t\t\t\t\t<div class=\"elementor-element elementor-element-1d050596 elementor-widget elementor-widget-heading\" data-id=\"1d050596\" data-element_type=\"widget\" data-e-type=\"widget\" data-widget_type=\"heading.default\">\n\t\t\t\t<div class=\"elementor-widget-container\">\n\t\t\t\t\t<h2 class=\"elementor-heading-title elementor-size-default\">DU VENDREDI 25.09 AU DIMANCHE 27.09.2020<\/h2>\t\t\t\t<\/div>\n\t\t\t\t<\/div>\n\t\t\t\t<div class=\"elementor-element elementor-element-15cdacec elementor-widget elementor-widget-heading\" data-id=\"15cdacec\" data-element_type=\"widget\" data-e-type=\"widget\" data-widget_type=\"heading.default\">\n\t\t\t\t<div class=\"elementor-widget-container\">\n\t\t\t\t\t<h2 class=\"elementor-heading-title elementor-size-default\">H\u00e4nni Farms @ Home Sale<\/h2>\t\t\t\t<\/div>\n\t\t\t\t<\/div>\n\t\t\t\t\t<\/div>\n\t\t<\/div>\n\t\t\t\t\t<\/div>\n\t\t<\/section>\n\t\t\t\t<section class=\"elementor-section elementor-top-section elementor-element elementor-element-50b8a3c6 elementor-section-stretched elementor-section-boxed elementor-section-height-default elementor-section-height-default\" data-id=\"50b8a3c6\" data-element_type=\"section\" data-e-type=\"section\" data-settings=\"{&quot;stretch_section&quot;:&quot;section-stretched&quot;,&quot;background_background&quot;:&quot;classic&quot;}\">\n\t\t\t\t\t\t<div class=\"elementor-container elementor-column-gap-default\">\n\t\t\t\t\t<div class=\"elementor-column elementor-col-100 elementor-top-column elementor-element elementor-element-52834fe2\" data-id=\"52834fe2\" data-element_type=\"column\" data-e-type=\"column\">\n\t\t\t<div class=\"elementor-widget-wrap elementor-element-populated\">\n\t\t\t\t\t\t<div class=\"elementor-element elementor-element-1eb24d56 elementor-widget elementor-widget-heading\" data-id=\"1eb24d56\" data-element_type=\"widget\" data-e-type=\"widget\" data-widget_type=\"heading.default\">\n\t\t\t\t<div class=\"elementor-widget-container\">\n\t\t\t\t\t<h2 class=\"elementor-heading-title elementor-size-large\">Programme<\/h2>\t\t\t\t<\/div>\n\t\t\t\t<\/div>\n\t\t\t\t<div class=\"elementor-element elementor-element-855dd53 elementor-widget elementor-widget-text-editor\" data-id=\"855dd53\" data-element_type=\"widget\" data-e-type=\"widget\" data-widget_type=\"text-editor.default\">\n\t\t\t\t<div class=\"elementor-widget-container\">\n\t\t\t\t\t\t\t\t\t<p><strong>Vendredi 25.09.2020<\/strong><br \/>18.00 D\u00e9but de la vente aux ench\u00e8res , tous les animaux en vente peuvent \u00eatre visit\u00e9s<br \/>18.00 Ouverture du restaurant et vente<br \/>21 - 22.00 \"Landi-Rundi\" Bi\u00e8re gratuite de Landi Aare<\/p><p><br \/><strong>Samedi 26.09.2020<\/strong><br \/>10.00 Ouverture du restaurant et vente <br \/>21 - 22.00 \"Muni-Rundi\" bi\u00e8re gratuite de Selectstar SA<\/p><p><strong>Dimanche 27.09.2020<\/strong><br \/>10.00 Ouverture du restaurant et vente<br \/>16.00 Fermeture de la vente aux ench\u00e8res<\/p>\t\t\t\t\t\t\t\t<\/div>\n\t\t\t\t<\/div>\n\t\t\t\t\t<\/div>\n\t\t<\/div>\n\t\t\t\t\t<\/div>\n\t\t<\/section>\n\t\t\t\t<section class=\"elementor-section elementor-top-section elementor-element elementor-element-5d6eaf3 elementor-section-boxed elementor-section-height-default elementor-section-height-default\" data-id=\"5d6eaf3\" data-element_type=\"section\" data-e-type=\"section\">\n\t\t\t\t\t\t<div class=\"elementor-container elementor-column-gap-default\">\n\t\t\t\t\t<div class=\"elementor-column elementor-col-100 elementor-top-column elementor-element elementor-element-a6aa014\" data-id=\"a6aa014\" data-element_type=\"column\" data-e-type=\"column\">\n\t\t\t<div class=\"elementor-widget-wrap elementor-element-populated\">\n\t\t\t\t\t\t<div class=\"elementor-element elementor-element-e67f87e elementor-widget elementor-widget-heading\" data-id=\"e67f87e\" data-element_type=\"widget\" data-e-type=\"widget\" data-widget_type=\"heading.default\">\n\t\t\t\t<div class=\"elementor-widget-container\">\n\t\t\t\t\t<h3 class=\"elementor-heading-title elementor-size-default\">Catalogue<\/h3>\t\t\t\t<\/div>\n\t\t\t\t<\/div>\n\t\t\t\t<div class=\"elementor-element elementor-element-1d3193c elementor-widget elementor-widget-html\" data-id=\"1d3193c\" data-element_type=\"widget\" data-e-type=\"widget\" data-widget_type=\"html.default\">\n\t\t\t\t<div class=\"elementor-widget-container\">\n\t\t\t\t\t<iframe style=\"width:900px;height:500px\" src=\"https:\/\/online.fliphtml5.com\/lwbq\/lyrb\/\"  seamless=\"seamless\" scrolling=\"no\" frameborder=\"0\" allowtransparency=\"true\" allowfullscreen=\"true\" ><\/iframe>\t\t\t\t<\/div>\n\t\t\t\t<\/div>\n\t\t\t\t\t<\/div>\n\t\t<\/div>\n\t\t\t\t\t<\/div>\n\t\t<\/section>\n\t\t\t\t<section class=\"elementor-section elementor-top-section elementor-element elementor-element-9b7279c elementor-section-full_width elementor-section-height-default elementor-section-height-default\" data-id=\"9b7279c\" data-element_type=\"section\" data-e-type=\"section\" data-settings=\"{&quot;background_background&quot;:&quot;classic&quot;}\">\n\t\t\t\t\t\t<div class=\"elementor-container elementor-column-gap-default\">\n\t\t\t\t\t<div class=\"elementor-column elementor-col-100 elementor-top-column elementor-element elementor-element-5b7db01\" data-id=\"5b7db01\" data-element_type=\"column\" data-e-type=\"column\">\n\t\t\t<div class=\"elementor-widget-wrap elementor-element-populated\">\n\t\t\t\t\t\t<div class=\"elementor-element elementor-element-f6a5d26 elementor-widget elementor-widget-spacer\" data-id=\"f6a5d26\" data-element_type=\"widget\" data-e-type=\"widget\" data-widget_type=\"spacer.default\">\n\t\t\t\t<div class=\"elementor-widget-container\">\n\t\t\t\t\t\t\t<div class=\"elementor-spacer\">\n\t\t\t<div class=\"elementor-spacer-inner\"><\/div>\n\t\t<\/div>\n\t\t\t\t\t\t<\/div>\n\t\t\t\t<\/div>\n\t\t\t\t<div class=\"elementor-element elementor-element-bebb711 elementor-widget elementor-widget-heading\" data-id=\"bebb711\" data-element_type=\"widget\" data-e-type=\"widget\" data-widget_type=\"heading.default\">\n\t\t\t\t<div class=\"elementor-widget-container\">\n\t\t\t\t\t<h2 class=\"elementor-heading-title elementor-size-default\">Comment \u00e7a marche<\/h2>\t\t\t\t<\/div>\n\t\t\t\t<\/div>\n\t\t\t\t<div class=\"elementor-element elementor-element-2f8c177 elementor-widget elementor-widget-heading\" data-id=\"2f8c177\" data-element_type=\"widget\" data-e-type=\"widget\" data-widget_type=\"heading.default\">\n\t\t\t\t<div class=\"elementor-widget-container\">\n\t\t\t\t\t<h2 class=\"elementor-heading-title elementor-size-default\">Pour cr\u00e9er un compte<\/h2>\t\t\t\t<\/div>\n\t\t\t\t<\/div>\n\t\t\t\t<div class=\"elementor-element elementor-element-881e4e7 elementor-widget elementor-widget-writing-effect-headline\" data-id=\"881e4e7\" data-element_type=\"widget\" data-e-type=\"widget\" data-widget_type=\"writing-effect-headline.default\">\n\t\t\t\t<div class=\"elementor-widget-container\">\n\t\t\t\t\t\t\t<p class=\"a13ree-written-headline\" data-speed=\"35\" data-loop=\"1\">\r\n\t\t\t\t\t\t\t<span class=\"before-written\">Inscription sur le<\/span>\r\n\t\t\t\r\n\t\t\t            <span class=\"written-lines elementor-screen-only\">site<\/span>\r\n\t\t\t\r\n\t\t\t\t\t<\/p>\r\n\t\t\t\t\t\t<\/div>\n\t\t\t\t<\/div>\n\t\t\t\t<div class=\"elementor-element elementor-element-3a9b445 elementor-widget elementor-widget-text-editor\" data-id=\"3a9b445\" data-element_type=\"widget\" data-e-type=\"widget\" data-widget_type=\"text-editor.default\">\n\t\t\t\t<div class=\"elementor-widget-container\">\n\t\t\t\t\t\t\t\t\t<ol><li>Visitez notre vente aux ench\u00e8res <strong><a href=\"https:\/\/events.handbid.com\/auctions\/haenni-farms-home-sale\/items\" target=\"_blank\" rel=\"noopener\">site<\/a><\/strong><\/li><li>Cliquez dans le menu en haut \u00e0 droite sur <strong>S'identifier<\/strong><\/li><li>S\u00e9lectionnez\u00a0 <strong>cr\u00e9er un compte<\/strong> en bas \u00e0 droite de l'\u00e9cran. Ensuite, saisissez les informations suivantes : Pr\u00e9nom et nom, l'adresse e-mail, <em><span class=\"pink-text\">Phrase de passe \/ <\/span><\/em>mot de passe, la s\u00e9lection du pays, par exemple la Suisse, et votre <em>num\u00e9ro de t\u00e9l\u00e9phone portable<\/em>. <br \/><em><span class=\"pink-text\">Anstelle eines Passwort k\u00f6nnen Sie Passphrase verwendet. Ein Passphrase \u00e4hnelt einem verwendeten Kennwort, ist jedoch im Allgemeinen l\u00e4nger, um die Sicherheit zu erh\u00f6hen. Verwenden Sie so etwas wie &#8222;I luv rock and roll&#8220;<br \/><\/span><\/em><\/li><li>Vous \u00eates invit\u00e9 \u00e0 accepter les termes et conditions<\/li><li>L'inscription est maintenant termin\u00e9e et un num\u00e9ro d'identification de l'\u00e9v\u00e9nement vous sera attribu\u00e9. <br \/>Pour ench\u00e9rir via un smartphone ou un ordinateur sans application app s\u00e9lectionnez le bouton <strong><em>Commencer \u00e0 soumissionner<\/em><\/strong> et c'est parti<\/li><li>Vous choisissez maintenant une vente aux ench\u00e8res, par exemple TEST | Genetics Sale, \u00e0 laquelle vous voulez faire une offre.<br \/>Vous pouvez \u00e9galement utiliser le bouton <em>Trouver des \u00e9v\u00e9nements<\/em> recherchez \u00e9galement une ench\u00e8re par son nom<\/li><li>Une fois inscrit, vous recevrez un SMS avec votre code PIN Handbid et un lien pour vous connecter \u00e0 l'application app. (NOTE : Vous devez t\u00e9l\u00e9charger l'application app Handbid avant que ce lien ne fonctionne)<\/li><\/ol>\t\t\t\t\t\t\t\t<\/div>\n\t\t\t\t<\/div>\n\t\t\t\t\t<\/div>\n\t\t<\/div>\n\t\t\t\t\t<\/div>\n\t\t<\/section>\n\t\t\t\t<section class=\"elementor-section elementor-top-section elementor-element elementor-element-8fbbcf4 elementor-section-stretched elementor-section-boxed elementor-section-height-default elementor-section-height-default\" data-id=\"8fbbcf4\" data-element_type=\"section\" data-e-type=\"section\" data-settings=\"{&quot;stretch_section&quot;:&quot;section-stretched&quot;}\">\n\t\t\t\t\t\t<div class=\"elementor-container elementor-column-gap-default\">\n\t\t\t\t\t<div class=\"elementor-column elementor-col-100 elementor-top-column elementor-element elementor-element-70f01da\" data-id=\"70f01da\" data-element_type=\"column\" data-e-type=\"column\">\n\t\t\t<div class=\"elementor-widget-wrap elementor-element-populated\">\n\t\t\t\t\t\t<div class=\"elementor-element elementor-element-c6a3c07 elementor-widget elementor-widget-heading\" data-id=\"c6a3c07\" data-element_type=\"widget\" data-e-type=\"widget\" data-widget_type=\"heading.default\">\n\t\t\t\t<div class=\"elementor-widget-container\">\n\t\t\t\t\t<span class=\"elementor-heading-title elementor-size-default\"> Peu importe si vous ench\u00e9rissez en ligne ou dans l'application app, voici quelques conseils simples pour vous aider :<\/span>\t\t\t\t<\/div>\n\t\t\t\t<\/div>\n\t\t\t\t<div class=\"elementor-element elementor-element-35b2eb0 elementor-widget elementor-widget-text-editor\" data-id=\"35b2eb0\" data-element_type=\"widget\" data-e-type=\"widget\" data-widget_type=\"text-editor.default\">\n\t\t\t\t<div class=\"elementor-widget-container\">\n\t\t\t\t\t\t\t\t\t<ul><li style=\"text-align: left;\"><span class=\"s3\"><span class=\"s3\"><strong>MAX BID: <\/strong><\/span><\/span>Si vous voulez faire une offre dans une vente aux ench\u00e8res, vous pouvez placer une offre dite maximale. L'offre maximale est le prix le plus \u00e9lev\u00e9 que vous \u00eates pr\u00eat \u00e0 payer. Notre technologie d'ench\u00e8res place alors automatiquement des offres en votre nom jusqu'\u00e0 concurrence de votre offre maximale. Le montant le plus bas possible avec lequel vous pouvez gagner est toujours offert automatiquement et, bien s\u00fbr, jamais plus que l'offre maximale que vous avez fix\u00e9e. Vous pouvez augmenter votre ench\u00e8re maximale \u00e0 tout moment pendant la vente aux ench\u00e8res. Il suffit d'entrer une nouvelle offre avec un montant diff\u00e9rent. Vous n'ench\u00e9rirez jamais contre vous-m\u00eame, m\u00eame si vous augmentez votre ench\u00e8re maximale.<br \/><br \/><em><span class=\"s1\">Nous vous recommandons de placer une ench\u00e8re maximale, car l'ench\u00e8re ne sera pas prolong\u00e9e. Vous \u00eates ainsi assur\u00e9 de ne pas perdre l'offre souhait\u00e9e \u00e0 la derni\u00e8re minute !<\/span><\/em><\/li><li style=\"text-align: left;\"><strong>NOTIFICATIONS<\/strong>Une fois que vous avez t\u00e9l\u00e9charg\u00e9 l'application Handbid et accept\u00e9 les notifications push, vous serez averti par des notifications push si vous \u00eates surench\u00e9ris sur un article.<br \/><br \/>Si vous n'avez pas l'application app, vous recevrez des messages texte de Handbid.<\/li><li style=\"text-align: left;\"><span class=\"s3\"><strong>DASHBOARD<\/strong><\/span><span class=\"s1\">Surveillez vos r\u00e9sultats actuels sur l'\u00e9cran du tableau de bord dans votre application ou en ligne. <\/span><\/li><\/ul>\t\t\t\t\t\t\t\t<\/div>\n\t\t\t\t<\/div>\n\t\t\t\t\t<\/div>\n\t\t<\/div>\n\t\t\t\t\t<\/div>\n\t\t<\/section>\n\t\t\t\t<section class=\"elementor-section elementor-top-section elementor-element elementor-element-9429597 elementor-section-boxed elementor-section-height-default elementor-section-height-default\" data-id=\"9429597\" data-element_type=\"section\" data-e-type=\"section\">\n\t\t\t\t\t\t<div class=\"elementor-container elementor-column-gap-default\">\n\t\t\t\t\t<div class=\"elementor-column elementor-col-100 elementor-top-column elementor-element elementor-element-030a523\" data-id=\"030a523\" data-element_type=\"column\" data-e-type=\"column\">\n\t\t\t<div class=\"elementor-widget-wrap elementor-element-populated\">\n\t\t\t\t\t\t<div class=\"elementor-element elementor-element-cd77d2b elementor-widget elementor-widget-heading\" data-id=\"cd77d2b\" data-element_type=\"widget\" data-e-type=\"widget\" data-widget_type=\"heading.default\">\n\t\t\t\t<div class=\"elementor-widget-container\">\n\t\t\t\t\t<span class=\"elementor-heading-title elementor-size-default\">Promotion<\/span>\t\t\t\t<\/div>\n\t\t\t\t<\/div>\n\t\t\t\t<div class=\"elementor-element elementor-element-b2f1acf elementor-widget elementor-widget-image\" data-id=\"b2f1acf\" data-element_type=\"widget\" data-e-type=\"widget\" data-widget_type=\"image.default\">\n\t\t\t\t<div class=\"elementor-widget-container\">\n\t\t\t\t\t\t\t\t\t\t\t\t\t\t\t\t<a href=\"https:\/\/www.heiniger.com\/switzerland\/\" target=\"_blank\">\n\t\t\t\t\t\t\t<img fetchpriority=\"high\" decoding=\"async\" width=\"1988\" height=\"500\" src=\"https:\/\/genetics-sale.ch\/wp-content\/uploads\/2020\/09\/Banner_Opal_994x250px.jpg\" class=\"attachment-full size-full wp-image-29108\" alt=\"\" srcset=\"https:\/\/genetics-sale.ch\/wp-content\/uploads\/2020\/09\/Banner_Opal_994x250px.jpg 1988w, https:\/\/genetics-sale.ch\/wp-content\/uploads\/2020\/09\/Banner_Opal_994x250px-300x75.jpg 300w, https:\/\/genetics-sale.ch\/wp-content\/uploads\/2020\/09\/Banner_Opal_994x250px-1024x258.jpg 1024w, https:\/\/genetics-sale.ch\/wp-content\/uploads\/2020\/09\/Banner_Opal_994x250px-768x193.jpg 768w, https:\/\/genetics-sale.ch\/wp-content\/uploads\/2020\/09\/Banner_Opal_994x250px-1536x386.jpg 1536w, https:\/\/genetics-sale.ch\/wp-content\/uploads\/2020\/09\/Banner_Opal_994x250px-600x151.jpg 600w, https:\/\/genetics-sale.ch\/wp-content\/uploads\/2020\/09\/Banner_Opal_994x250px-620x155.jpg 620w, https:\/\/genetics-sale.ch\/wp-content\/uploads\/2020\/09\/Banner_Opal_994x250px-400x100.jpg 400w\" sizes=\"(max-width: 1988px) 100vw, 1988px\" \/>\t\t\t\t\t\t\t\t<\/a>\n\t\t\t\t\t\t\t\t\t\t\t\t\t\t\t<\/div>\n\t\t\t\t<\/div>\n\t\t\t\t\t<\/div>\n\t\t<\/div>\n\t\t\t\t\t<\/div>\n\t\t<\/section>\n\t\t\t\t<\/div>","protected":false},"excerpt":{"rendered":"<p>Freitag 25.09 &#8211; Sonntag 27.09.2020 H\u00e4nni Farms @ Home Sale&hellip;<\/p>\n<p> <a class=\"more-link\" href=\"https:\/\/genetics-sale.ch\/fr\/haenni\/\">Lire la suite<\/a><\/p>","protected":false},"author":1,"featured_media":0,"parent":0,"menu_order":0,"comment_status":"closed","ping_status":"closed","template":"","meta":{"_acf_changed":false,"footnotes":""},"class_list":["post-29024","page","type-page","status-publish"],"acf":[],"yoast_head":"<!-- This site is optimized with the Yoast SEO plugin v27.4 - https:\/\/yoast.com\/product\/yoast-seo-wordpress\/ -->\n<title>H\u00e4nni Farms @ Home Sale - Genetics Sale<\/title>\n<meta name=\"robots\" content=\"index, follow, max-snippet:-1, max-image-preview:large, max-video-preview:-1\" \/>\n<link rel=\"canonical\" href=\"https:\/\/genetics-sale.ch\/fr\/haenni\/\" \/>\n<meta property=\"og:locale\" content=\"fr_FR\" \/>\n<meta property=\"og:type\" content=\"article\" \/>\n<meta property=\"og:title\" content=\"H\u00e4nni Farms @ Home Sale - Genetics Sale\" \/>\n<meta property=\"og:description\" content=\"Freitag 25.09 &#8211; Sonntag 27.09.2020 H\u00e4nni Farms @ Home Sale&hellip;  Lire la suite\" \/>\n<meta property=\"og:url\" content=\"https:\/\/genetics-sale.ch\/fr\/haenni\/\" \/>\n<meta property=\"og:site_name\" content=\"Genetics Sale\" \/>\n<meta property=\"article:publisher\" content=\"https:\/\/www.facebook.com\/Genetics-Sale-107750501087256\" \/>\n<meta property=\"article:modified_time\" content=\"2020-09-27T18:00:14+00:00\" \/>\n<meta property=\"og:image\" content=\"https:\/\/genetics-sale.ch\/wp-content\/uploads\/2020\/09\/Banner_Opal_994x250px.jpg\" \/>\n<meta name=\"twitter:card\" content=\"summary_large_image\" \/>\n<meta name=\"twitter:label1\" content=\"Dur\u00e9e de lecture estim\u00e9e\" \/>\n\t<meta name=\"twitter:data1\" content=\"2 minutes\" \/>\n<script type=\"application\/ld+json\" class=\"yoast-schema-graph\">{\"@context\":\"https:\\\/\\\/schema.org\",\"@graph\":[{\"@type\":\"WebPage\",\"@id\":\"https:\\\/\\\/genetics-sale.ch\\\/haenni\\\/\",\"url\":\"https:\\\/\\\/genetics-sale.ch\\\/haenni\\\/\",\"name\":\"H\u00e4nni Farms @ Home Sale - Genetics Sale\",\"isPartOf\":{\"@id\":\"https:\\\/\\\/genetics-sale.ch\\\/#website\"},\"primaryImageOfPage\":{\"@id\":\"https:\\\/\\\/genetics-sale.ch\\\/haenni\\\/#primaryimage\"},\"image\":{\"@id\":\"https:\\\/\\\/genetics-sale.ch\\\/haenni\\\/#primaryimage\"},\"thumbnailUrl\":\"https:\\\/\\\/genetics-sale.ch\\\/wp-content\\\/uploads\\\/2020\\\/09\\\/Banner_Opal_994x250px.jpg\",\"datePublished\":\"2020-09-20T13:58:13+00:00\",\"dateModified\":\"2020-09-27T18:00:14+00:00\",\"breadcrumb\":{\"@id\":\"https:\\\/\\\/genetics-sale.ch\\\/haenni\\\/#breadcrumb\"},\"inLanguage\":\"fr-FR\",\"potentialAction\":[{\"@type\":\"ReadAction\",\"target\":[\"https:\\\/\\\/genetics-sale.ch\\\/haenni\\\/\"]}]},{\"@type\":\"ImageObject\",\"inLanguage\":\"fr-FR\",\"@id\":\"https:\\\/\\\/genetics-sale.ch\\\/haenni\\\/#primaryimage\",\"url\":\"https:\\\/\\\/genetics-sale.ch\\\/wp-content\\\/uploads\\\/2020\\\/09\\\/Banner_Opal_994x250px.jpg\",\"contentUrl\":\"https:\\\/\\\/genetics-sale.ch\\\/wp-content\\\/uploads\\\/2020\\\/09\\\/Banner_Opal_994x250px.jpg\"},{\"@type\":\"BreadcrumbList\",\"@id\":\"https:\\\/\\\/genetics-sale.ch\\\/haenni\\\/#breadcrumb\",\"itemListElement\":[{\"@type\":\"ListItem\",\"position\":1,\"name\":\"Startseite\",\"item\":\"https:\\\/\\\/genetics-sale.ch\\\/\"},{\"@type\":\"ListItem\",\"position\":2,\"name\":\"H\u00e4nni Farms @ Home Sale\"}]},{\"@type\":\"WebSite\",\"@id\":\"https:\\\/\\\/genetics-sale.ch\\\/#website\",\"url\":\"https:\\\/\\\/genetics-sale.ch\\\/\",\"name\":\"Genetics Sale\",\"description\":\"Die L\u00f6sung des modernen und fairen Handels\",\"publisher\":{\"@id\":\"https:\\\/\\\/genetics-sale.ch\\\/#organization\"},\"potentialAction\":[{\"@type\":\"SearchAction\",\"target\":{\"@type\":\"EntryPoint\",\"urlTemplate\":\"https:\\\/\\\/genetics-sale.ch\\\/?s={search_term_string}\"},\"query-input\":{\"@type\":\"PropertyValueSpecification\",\"valueRequired\":true,\"valueName\":\"search_term_string\"}}],\"inLanguage\":\"fr-FR\"},{\"@type\":\"Organization\",\"@id\":\"https:\\\/\\\/genetics-sale.ch\\\/#organization\",\"name\":\"Genetics Sale\",\"url\":\"https:\\\/\\\/genetics-sale.ch\\\/\",\"logo\":{\"@type\":\"ImageObject\",\"inLanguage\":\"fr-FR\",\"@id\":\"https:\\\/\\\/genetics-sale.ch\\\/#\\\/schema\\\/logo\\\/image\\\/\",\"url\":\"https:\\\/\\\/genetics-sale.ch\\\/wp-content\\\/uploads\\\/2020\\\/09\\\/GeneticsSale.png\",\"contentUrl\":\"https:\\\/\\\/genetics-sale.ch\\\/wp-content\\\/uploads\\\/2020\\\/09\\\/GeneticsSale.png\",\"width\":6201,\"height\":2501,\"caption\":\"Genetics Sale\"},\"image\":{\"@id\":\"https:\\\/\\\/genetics-sale.ch\\\/#\\\/schema\\\/logo\\\/image\\\/\"},\"sameAs\":[\"https:\\\/\\\/www.facebook.com\\\/Genetics-Sale-107750501087256\",\"https:\\\/\\\/www.youtube.com\\\/channel\\\/UCNLUm6YZPXhuAlGd_gphb1w?reload=9\"]}]}<\/script>\n<!-- \/ Yoast SEO plugin. -->","yoast_head_json":{"title":"H\u00e4nni Farms @ Home Sale - Genetics Sale","robots":{"index":"index","follow":"follow","max-snippet":"max-snippet:-1","max-image-preview":"max-image-preview:large","max-video-preview":"max-video-preview:-1"},"canonical":"https:\/\/genetics-sale.ch\/fr\/haenni\/","og_locale":"fr_FR","og_type":"article","og_title":"H\u00e4nni Farms @ Home Sale - Genetics Sale","og_description":"Freitag 25.09 &#8211; Sonntag 27.09.2020 H\u00e4nni Farms @ Home Sale&hellip;  Lire la suite","og_url":"https:\/\/genetics-sale.ch\/fr\/haenni\/","og_site_name":"Genetics Sale","article_publisher":"https:\/\/www.facebook.com\/Genetics-Sale-107750501087256","article_modified_time":"2020-09-27T18:00:14+00:00","og_image":[{"url":"https:\/\/genetics-sale.ch\/wp-content\/uploads\/2020\/09\/Banner_Opal_994x250px.jpg","type":"","width":"","height":""}],"twitter_card":"summary_large_image","twitter_misc":{"Dur\u00e9e de lecture estim\u00e9e":"2 minutes"},"schema":{"@context":"https:\/\/schema.org","@graph":[{"@type":"WebPage","@id":"https:\/\/genetics-sale.ch\/haenni\/","url":"https:\/\/genetics-sale.ch\/haenni\/","name":"H\u00e4nni Farms @ Home Sale - Genetics Sale","isPartOf":{"@id":"https:\/\/genetics-sale.ch\/#website"},"primaryImageOfPage":{"@id":"https:\/\/genetics-sale.ch\/haenni\/#primaryimage"},"image":{"@id":"https:\/\/genetics-sale.ch\/haenni\/#primaryimage"},"thumbnailUrl":"https:\/\/genetics-sale.ch\/wp-content\/uploads\/2020\/09\/Banner_Opal_994x250px.jpg","datePublished":"2020-09-20T13:58:13+00:00","dateModified":"2020-09-27T18:00:14+00:00","breadcrumb":{"@id":"https:\/\/genetics-sale.ch\/haenni\/#breadcrumb"},"inLanguage":"fr-FR","potentialAction":[{"@type":"ReadAction","target":["https:\/\/genetics-sale.ch\/haenni\/"]}]},{"@type":"ImageObject","inLanguage":"fr-FR","@id":"https:\/\/genetics-sale.ch\/haenni\/#primaryimage","url":"https:\/\/genetics-sale.ch\/wp-content\/uploads\/2020\/09\/Banner_Opal_994x250px.jpg","contentUrl":"https:\/\/genetics-sale.ch\/wp-content\/uploads\/2020\/09\/Banner_Opal_994x250px.jpg"},{"@type":"BreadcrumbList","@id":"https:\/\/genetics-sale.ch\/haenni\/#breadcrumb","itemListElement":[{"@type":"ListItem","position":1,"name":"Startseite","item":"https:\/\/genetics-sale.ch\/"},{"@type":"ListItem","position":2,"name":"H\u00e4nni Farms @ Home Sale"}]},{"@type":"WebSite","@id":"https:\/\/genetics-sale.ch\/#website","url":"https:\/\/genetics-sale.ch\/","name":"Genetics Sale","description":"La solution pour un commerce moderne et \u00e9quitable.","publisher":{"@id":"https:\/\/genetics-sale.ch\/#organization"},"potentialAction":[{"@type":"SearchAction","target":{"@type":"EntryPoint","urlTemplate":"https:\/\/genetics-sale.ch\/?s={search_term_string}"},"query-input":{"@type":"PropertyValueSpecification","valueRequired":true,"valueName":"search_term_string"}}],"inLanguage":"fr-FR"},{"@type":"Organization","@id":"https:\/\/genetics-sale.ch\/#organization","name":"Genetics Sale","url":"https:\/\/genetics-sale.ch\/","logo":{"@type":"ImageObject","inLanguage":"fr-FR","@id":"https:\/\/genetics-sale.ch\/#\/schema\/logo\/image\/","url":"https:\/\/genetics-sale.ch\/wp-content\/uploads\/2020\/09\/GeneticsSale.png","contentUrl":"https:\/\/genetics-sale.ch\/wp-content\/uploads\/2020\/09\/GeneticsSale.png","width":6201,"height":2501,"caption":"Genetics Sale"},"image":{"@id":"https:\/\/genetics-sale.ch\/#\/schema\/logo\/image\/"},"sameAs":["https:\/\/www.facebook.com\/Genetics-Sale-107750501087256","https:\/\/www.youtube.com\/channel\/UCNLUm6YZPXhuAlGd_gphb1w?reload=9"]}]}},"_links":{"self":[{"href":"https:\/\/genetics-sale.ch\/fr\/wp-json\/wp\/v2\/pages\/29024","targetHints":{"allow":["GET"]}}],"collection":[{"href":"https:\/\/genetics-sale.ch\/fr\/wp-json\/wp\/v2\/pages"}],"about":[{"href":"https:\/\/genetics-sale.ch\/fr\/wp-json\/wp\/v2\/types\/page"}],"author":[{"embeddable":true,"href":"https:\/\/genetics-sale.ch\/fr\/wp-json\/wp\/v2\/users\/1"}],"replies":[{"embeddable":true,"href":"https:\/\/genetics-sale.ch\/fr\/wp-json\/wp\/v2\/comments?post=29024"}],"version-history":[{"count":30,"href":"https:\/\/genetics-sale.ch\/fr\/wp-json\/wp\/v2\/pages\/29024\/revisions"}],"predecessor-version":[{"id":29354,"href":"https:\/\/genetics-sale.ch\/fr\/wp-json\/wp\/v2\/pages\/29024\/revisions\/29354"}],"wp:attachment":[{"href":"https:\/\/genetics-sale.ch\/fr\/wp-json\/wp\/v2\/media?parent=29024"}],"curies":[{"name":"wp","href":"https:\/\/api.w.org\/{rel}","templated":true}]}}