{"id":29057,"date":"2020-09-20T17:53:02","date_gmt":"2020-09-20T15:53:02","guid":{"rendered":"https:\/\/genetics-sale.ch\/?page_id=29057"},"modified":"2021-05-16T12:03:36","modified_gmt":"2021-05-16T10:03:36","slug":"agb","status":"publish","type":"page","link":"https:\/\/genetics-sale.ch\/fr\/agb\/","title":{"rendered":"Conditions g\u00e9n\u00e9rales"},"content":{"rendered":"<div data-elementor-type=\"wp-page\" data-elementor-id=\"29057\" class=\"elementor elementor-29057\" data-elementor-post-type=\"page\">\n\t\t\t\t\t\t<section class=\"elementor-section elementor-top-section elementor-element elementor-element-dfc6119 elementor-section-boxed elementor-section-height-default elementor-section-height-default\" data-id=\"dfc6119\" data-element_type=\"section\" data-e-type=\"section\">\n\t\t\t\t\t\t<div class=\"elementor-container elementor-column-gap-default\">\n\t\t\t\t\t<div class=\"elementor-column elementor-col-100 elementor-top-column elementor-element elementor-element-ed1d2f5\" data-id=\"ed1d2f5\" data-element_type=\"column\" data-e-type=\"column\">\n\t\t\t<div class=\"elementor-widget-wrap elementor-element-populated\">\n\t\t\t\t\t\t<div class=\"elementor-element elementor-element-b1d85f0 elementor-widget elementor-widget-text-editor\" data-id=\"b1d85f0\" data-element_type=\"widget\" data-e-type=\"widget\" data-widget_type=\"text-editor.default\">\n\t\t\t\t<div class=\"elementor-widget-container\">\n\t\t\t\t\t\t\t\t\t<p>Conditions g\u00e9n\u00e9rales<\/p><ol><li>Vorbemerkungen, G\u00fcltigkeit<\/li><\/ol><p>genetics-sale.ch unterh\u00e4lt Internetdienste, die es nat\u00fcrlichen Personen und Unternehmen erm\u00f6glichen, Dienstleistungen zu nutzen und\/oder mit Waren zu handeln\/ kaufen.<\/p><p>Vertragspartner (Benutzer) k\u00f6nnen nur voll gesch\u00e4ftsf\u00e4hige nat\u00fcrliche Personen sowie juristische Personen sein.<\/p><p>Mit der Nutzung der Internetdienste von genetics-sale.ch erkl\u00e4ren Besucher\/Benutzer\/Vertragspartner (nachfolgend &#8218;Benutzer\u201d genannt) sich mit den hier formulierten Nutzungsbedingungen einverstanden. Alle Benutzer erkl\u00e4ren Ihr Einverst\u00e4ndnis durch Best\u00e4tigung der Kenntnisnahme und Zustimmung zu den Allgemeinen Gesch\u00e4ftsbedingungen\/Nutzungsbedingungen bereits im Rahmen der teilweisen Nutzung einer Website. Eine teilwiese Nutzung einer Website liegt vor, sobald diese in einem station\u00e4ren oder mobilen Internetbrowser aufgerufen wird.<\/p><p>Mit der Nutzung der Internetdienste von genetics-sale.ch erkl\u00e4ren Besucher\/Benutzer\/Vertragspartner (nachfolgend &#8218;Benutzer\u201d genannt) sich ebenfalls mit den Allgemeine Gesch\u00e4ftsbedingungen von <a href=\"https:\/\/www.handbid.com\/terms-of-service\/\" target=\"_blank\" rel=\"noopener\">HANDBID<\/a> einverstanden<\/p><p>Vertragliche Erg\u00e4nzungen \u00fcber die Nutzung besonderer Dienste, f\u00fcr die eine Anmeldung bei genetics-sale.ch notwendig ist, werden rechtswirksam, sobald sich der Benutzer erfolgreich bei genetics-sale.ch angemeldet hat. Eine erfolgreiche Anmeldung kommt mit der Formulierung einer entsprechenden Best\u00e4tigung auf der Website von genetics-sale.ch oder per E-Mail zustande.<\/p><p>Wenn Benutzer mit den Allgemeinen Nutzungsbedingungen nicht einverstanden sind, d\u00fcrfen sie etwaige Features der Website nicht nutzen. Sollten Benutzer auch nur mit Teilen dieser Nutzungsbedingungen nicht einverstanden sein, und dennoch Leistungen\/Features der Website nutzen, entbinden Sie die die Autoren\/Verantwortlichen\/Erf\u00fcllungsgehilfen von jeglicher Rechtsverantwortlichkeit im Sinne der jeweils g\u00fcltigen gesetzlichen Regelungen.<\/p><p>Abweichende Bedingungen des Benutzers, die mit diesen Allgemeinen Nutzungsbedingungen in Widerspruch stehen, finden in keinem Fall Ber\u00fccksichtigung, es sei denn genetics-sale.ch stimmt diesen schriftlich zu.<\/p><p>Im Rahmen jeglichen Vertragsverh\u00e4ltnisses mit genetics-sale.ch haben diese Allgemeinen Nutzungsbedingungen G\u00fcltigkeit, selbst wenn bei der Inanspruchnahme weiterer, z. B. entgeltlicher Dienste, nicht noch einmal gesondert darauf verwiesen wird.<\/p><p>genetics-sale.ch ist berechtigt, Dritte mit der Erbringung von Teilen oder des ganzen Leistungsspektrums zu beauftragen. In diesem Fall finden die hier vorliegenden Nutzungsbedingungen ebenfalls Anwendung.<\/p><p>genetics-sale.ch beh\u00e4lt sich das Recht vor, die vorliegenden Nutzungsbedingungen jederzeit zu \u00e4ndern.\u00a0<\/p><p>2. Leistungsumfang<\/p><p>genetics-sale.ch betreibt eine Internetdienstleistung, die Benutzer der Website unter Anderem f\u00fcr den Kauf von Tieren ,Embryonen und Sperma nutzen k\u00f6nnen.<\/p><p>Der Benutzer muss innerhalb seines Profils pers\u00f6nliche Angaben erg\u00e4nzen. Bitte beachten Sie: F\u00fcr im Profil oder in sonstigen Bereichen des Portals absichtlich oder in betr\u00fcgerischer Absicht gemachte Falschangaben beh\u00e4lt sich genetics-sale.ch zivilrechtliche Schritte vor und k\u00fcndigt das bestehende Vertragsverh\u00e4ltnis fristlos. genetics-sale.ch ist ebenfalls berechtigt, die Personalien des Benutzers anhand geeigneter amtlicher Papiere zu pr\u00fcfen und ihn \u2013 z. B. bei unkorrekten Angaben \u2013 gegebenenfalls zu l\u00f6schen.<\/p><p>3. Obliegenheiten der Benutzer<\/p><p>F\u00fcr etwaig gesetzlich notwendige Gewerbeanmeldungen ist der jeweilige Benutzer selbst verantwortlich.<\/p><p>F\u00fcr den Inhalt seiner Anmeldung und damit f\u00fcr die Informationen, die er \u00fcber sich bereitstellt, ist der Benutzer allein verantwortlich und versichert, dass die von ihm angegebenen Daten der Wahrheit entsprechen. Mit der Anmeldung bei Internetdiensten von genetics-sale.ch versichert der Benutzer, dass er genetics-sale.ch nur zu privaten, nicht kommerziellen Zwecken nutzt und insbesondere die ihm von anderen Mitgliedern anvertrauten Informationen vertraulich behandeln und nicht zu kommerziellen Zwecken verwenden wird.<\/p><p>Der Benutzer verpflichtet sich, genetics-sale.ch von jeglicher Art von Kosten, Klagen, Sch\u00e4den, Verlusten oder sonstigen Forderungen frei zu halten, die durch seine Anmeldung bzw. Teilnahme an genetics-sale.ch Dienstleistungen entstehen k\u00f6nnten. Der Benutzer verpflichtet sich insbesondere genetics-sale.ch von jeglicher Haftung und von allen Verpflichtungen, Aufwendungen und Anspr\u00fcchen, die sich aus Sch\u00e4den wegen Beleidigung, \u00fcbler Nachrede, Verletzung von Pers\u00f6nlichkeitsrechten, wegen des Ausfalls von Dienstleistungen f\u00fcr andere Mitglieder, wegen der Verletzung von Immaterialg\u00fctern oder sonstiger Rechte ergeben, freizustellen. Die Freistellungsverpflichtung bezieht sich auch auf die Kosten, die zur Abwehr solcher Inanspruchnahmen erforderlich sind.<\/p><p>Der Benutzer ist verpflichtet, E-Mails und andere Nachrichten vertraulich zu behandeln und diese nur mit ausdr\u00fccklicher vorherige Zustimmung des Absenders Dritten zug\u00e4nglich zu machen. Dieses gilt insbesondere auch f\u00fcr Namen, Telefon- und Faxnummern, Adressdaten, E-Mail Adressen und URL\u2019s.<\/p><p>Ferner verpflichtet sich der Benutzer Dienstleistungen von genetics-sale.ch nicht missbr\u00e4uchlich zu nutzen, insbesondere:<\/p><p>&#8211; kein diffamierendes, anst\u00f6\u00dfiges oder in sonstiger Weise rechtswidriges Material oder Informationen zu verbreiten. Insbesondere betrifft dies pornographische, rassistische, volksverhetzende oder vergleichbare \u2013 auch obsz\u00f6ne \u2013 Inhalte<\/p><p>&#8211; andere Benutzer zu bel\u00e4stigen, zu bedrohen oder die Rechte (einschlie\u00dflich Pers\u00f6nlichkeitsrechte) Dritter zu verletzen<\/p><p>&#8211; keine Daten in das System einzubringen, die einen Computer-Virus (infizierte Software) oder Software oder anderes Material enthalten, welches urheberrechtlich gesch\u00fctzt ist, es sei denn der Benutzer selbst hat die Rechte daran, die erforderlichen Zustimmungen hierf\u00fcr und etwaige Sch\u00e4den sind ausgeschlossen.<\/p><p>&#8211; in einer Art und Weise, die die Verf\u00fcgbarkeit der Angebote f\u00fcr andere Nutzer von genetics-sale.ch negativ beeinflusst oder beeinflussen kann.<\/p><p>&#8211; keine E-Mails anderer Benutzer abzufangen und dies auch nicht zu versuchen.<\/p><p>&#8211; keine Serien-\/Kettenbriefe zu versenden<\/p><p>Wichtig: Die Nichtbeachtung der Obliegenheiten kann zur fristlosen K\u00fcndigung eines etwaig vorliegenden Vertragsverh\u00e4ltnisses f\u00fchren, sowie zivil- und strafrechtliche Folgen f\u00fcr den Benutzer haben. genetics-sale.ch beh\u00e4lt sich insbesondere das Recht vor, Benutzer auszuschlie\u00dfen, die bei der Nutzung von genetics-sale.ch Internet-Dienstleistungen sittenwidrige, politisch-radikale oder obsz\u00f6ne Inhalte oder Fotos verbreiten.<\/p><p>4. Gerichtsstand, Salvatorische Klausel<\/p><p>F\u00fcr die vorliegenden Allgemeinen Gesch\u00e4ftsbedingungen\/Nutzungsbedingungen sowie alle weiteren Vereinbarungen der Vertragspartner (Benutzer) mit genetics-sale.ch ist ausschliesslich das Recht der Schweiz anwendbar.<\/p><p>Sollten einzelne Bestimmungen dieser Bedingungen ganz oder teilweise unwirksam sein oder unwirksam werden, wird hierdurch die G\u00fcltigkeit der \u00fcbrigen Bestimmungen nicht ber\u00fchrt. Sollten einzelne Bestimmungen dieses Vertrages ganz oder teilweise nicht wirksam sein oder ihre Wirksamkeit zu einem sp\u00e4teren Zeitpunkt verlieren, so wird hierdurch die G\u00fcltigkeit des Vertrages im \u00dcbrigen nicht ber\u00fchrt. Die unwirksame Regelung ist von den Parteien durch eine wirksame zu ersetzen, die dem wirtschaftlichen Zweck der unwirksamen Regelung soweit wie m\u00f6glich entspricht. Entsprechendes gilt f\u00fcr etwaige Vertragsl\u00fccken.<\/p><p>Haftungsausschluss (Disclaimer) genetics-sale.ch<\/p><ol><li>Inhalt des Onlineangebotes Der Autor \u00fcbernimmt keinerlei Gew\u00e4hr f\u00fcr die Aktualit\u00e4t, Korrektheit, Vollst\u00e4ndigkeit oder Qualit\u00e4t der bereitgestellten Informationen. Haftungsanspr\u00fcche gegen den Autor, welche sich auf Sch\u00e4den materieller oder ideeller Art beziehen, die durch die Nutzung oder Nichtnutzung der dargebotenen Informationen bzw. durch die Nutzung fehlerhafter und unvollst\u00e4ndiger Informationen verursacht wurden, sind grunds\u00e4tzlich ausgeschlossen, sofern seitens des Autors kein nachweislich vors\u00e4tzliches oder grob fahrl\u00e4ssiges Verschulden vorliegt. Alle Angebote sind freibleibend und unverbindlich. Der Autor beh\u00e4lt es sich ausdr\u00fccklich vor, Teile der Seiten oder das gesamte Angebot ohne gesonderte Ank\u00fcndigung zu ver\u00e4ndern, zu erg\u00e4nzen, zu l\u00f6schen oder die Ver\u00f6ffentlichung zeitweise oder endg\u00fcltig einzustellen.<\/li><li>Verweise und Links Bei direkten oder indirekten Verweisen auf fremde Webseiten (&#8218;Hyperlinks&#8216;), die au\u00dferhalb des Verantwortungsbereiches des Autors liegen, w\u00fcrde eine Haftungsverpflichtung ausschlie\u00dflich in dem Fall in Kraft treten, in dem der Autor von den Inhalten Kenntnis hat und es ihm technisch m\u00f6glich und zumutbar w\u00e4re, die Nutzung im Falle rechtswidriger Inhalte zu verhindern. Der Autor erkl\u00e4rt hiermit ausdr\u00fccklich, dass zum Zeitpunkt der Linksetzung keine illegalen Inhalte auf den zu verlinkenden Seiten erkennbar waren. Auf die aktuelle und zuk\u00fcnftige Gestaltung, die Inhalte oder die Urheberschaft der verlinkten\/verkn\u00fcpften Seiten hat der Autor keinerlei Einfluss. Deshalb distanziert er sich hiermit ausdr\u00fccklich von allen Inhalten aller verlinkten \/verkn\u00fcpften Seiten, die nach der Linksetzung ver\u00e4ndert wurden. Diese Feststellung gilt f\u00fcr alle innerhalb des eigenen Internetangebotes gesetzten Links und Verweise sowie f\u00fcr Fremdeintr\u00e4ge in vom Autor eingerichteten G\u00e4steb\u00fcchern, Diskussionsforen, Linkverzeichnissen, Mailinglisten und in allen anderen Formen von Datenbanken, auf deren Inhalt externe Schreibzugriffe m\u00f6glich sind. F\u00fcr illegale, fehlerhafte oder unvollst\u00e4ndige Inhalte und insbesondere f\u00fcr Sch\u00e4den, die aus der Nutzung oder Nichtnutzung solcherart dargebotener Informationen entstehen, haftet allein der Anbieter der Seite, auf welche verwiesen wurde, nicht derjenige, der \u00fcber Links auf die jeweilige Ver\u00f6ffentlichung lediglich verweist.<\/li><li>Urheber- und Kennzeichenrecht Der Autor ist bestrebt, in allen Publikationen die Urheberrechte der verwendeten Bilder, Grafiken, Tondokumente, Videosequenzen und Texte zu beachten, von ihm selbst erstellte Bilder, Grafiken, Tondokumente, Videosequenzen und Texte zu nutzen oder auf lizenzfreie Grafiken, Tondokumente, Videosequenzen und Texte zur\u00fcckzugreifen. Alle innerhalb des Internetangebotes genannten und ggf. durch Dritte gesch\u00fctzten Marken- und Warenzeichen unterliegen uneingeschr\u00e4nkt den Bestimmungen des jeweils g\u00fcltigen Kennzeichenrechts und den Besitzrechten der jeweiligen eingetragenen Eigent\u00fcmer. Allein aufgrund der blo\u00dfen Nennung ist nicht der Schluss zu ziehen, dass Markenzeichen nicht durch Rechte Dritter gesch\u00fctzt sind! Das Copyright f\u00fcr ver\u00f6ffentlichte, vom Autor selbst erstellte Objekte bleibt allein beim Autor der Seiten. Eine Vervielf\u00e4ltigung oder Verwendung solcher Grafiken, Tondokumente, Videosequenzen und Texte in anderen elektronischen oder gedruckten Publikationen ist ohne ausdr\u00fcckliche Zustimmung des Autors nicht gestattet.<\/li><li>Datenschutz Sofern innerhalb des Internetangebotes die M\u00f6glichkeit zur Eingabe pers\u00f6nlicher oder gesch\u00e4ftlicher Daten (Emailadressen, Namen, Anschriften) besteht, so erfolgt die Preisgabe dieser Daten seitens des Nutzers auf ausdr\u00fccklich freiwilliger Basis. Die Inanspruchnahme und Bezahlung aller angebotenen Dienste ist &#8211; soweit technisch m\u00f6glich und zumutbar &#8211; auch ohne Angabe solcher Daten bzw. unter Angabe anonymisierter Daten oder eines Pseudonyms gestattet. Die Nutzung der im Rahmen des Impressums oder vergleichbarer Angaben ver\u00f6ffentlichten Kontaktdaten wie Postanschriften, Telefon- und Faxnummern sowie Emailadressen durch Dritte zur \u00fcbersendung von nicht ausdr\u00fccklich angeforderten Informationen ist nicht gestattet. Rechtliche Schritte gegen die Versender von sogenannten Spam-Mails bei Verst\u00f6ssen gegen dieses Verbot sind ausdr\u00fccklich vorbehalten. Weitere Informationen entnehmen Sie bitte der Erkl\u00e4rung zum Datenschutz (Privacy Policy)<\/li><li>Rechtswirksamkeit dieses Haftungsausschlusses Dieser Haftungsausschluss ist als Teil des Internetangebotes zu betrachten, von dem aus auf diese Seite verwiesen wurde. Sofern Teile oder einzelne Formulierungen dieses Textes der geltenden Rechtslage nicht, nicht mehr oder nicht vollst\u00e4ndig entsprechen sollten, bleiben die \u00fcbrigen Teile des Dokumentes in ihrem Inhalt und ihrer G\u00fcltigkeit davon unber\u00fchrt.<\/li><\/ol>\t\t\t\t\t\t\t\t<\/div>\n\t\t\t\t<\/div>\n\t\t\t\t\t<\/div>\n\t\t<\/div>\n\t\t\t\t\t<\/div>\n\t\t<\/section>\n\t\t\t\t<\/div>","protected":false},"excerpt":{"rendered":"<p>Allgemeine Gesch\u00e4ftsbedingungen Vorbemerkungen, G\u00fcltigkeit genetics-sale.ch unterh\u00e4lt Internetdienste, die es nat\u00fcrlichen&hellip;<\/p>\n<p> <a class=\"more-link\" href=\"https:\/\/genetics-sale.ch\/fr\/agb\/\">Lire la suite<\/a><\/p>","protected":false},"author":1,"featured_media":0,"parent":0,"menu_order":0,"comment_status":"closed","ping_status":"closed","template":"","meta":{"_acf_changed":false,"footnotes":""},"class_list":["post-29057","page","type-page","status-publish"],"acf":[],"yoast_head":"<!-- This site is optimized with the Yoast SEO plugin v27.4 - https:\/\/yoast.com\/product\/yoast-seo-wordpress\/ -->\n<title>AGB - Genetics Sale<\/title>\n<meta name=\"robots\" content=\"index, follow, max-snippet:-1, max-image-preview:large, max-video-preview:-1\" \/>\n<link rel=\"canonical\" href=\"https:\/\/genetics-sale.ch\/fr\/agb\/\" \/>\n<meta property=\"og:locale\" content=\"fr_FR\" \/>\n<meta property=\"og:type\" content=\"article\" \/>\n<meta property=\"og:title\" content=\"AGB - Genetics Sale\" \/>\n<meta property=\"og:description\" content=\"Allgemeine Gesch\u00e4ftsbedingungen Vorbemerkungen, G\u00fcltigkeit genetics-sale.ch unterh\u00e4lt Internetdienste, die es nat\u00fcrlichen&hellip;  Lire la suite\" \/>\n<meta property=\"og:url\" content=\"https:\/\/genetics-sale.ch\/fr\/agb\/\" \/>\n<meta property=\"og:site_name\" content=\"Genetics Sale\" \/>\n<meta property=\"article:publisher\" content=\"https:\/\/www.facebook.com\/Genetics-Sale-107750501087256\" \/>\n<meta property=\"article:modified_time\" content=\"2021-05-16T10:03:36+00:00\" \/>\n<meta name=\"twitter:card\" content=\"summary_large_image\" \/>\n<meta name=\"twitter:label1\" content=\"Dur\u00e9e de lecture estim\u00e9e\" \/>\n\t<meta name=\"twitter:data1\" content=\"7 minutes\" \/>\n<script type=\"application\/ld+json\" class=\"yoast-schema-graph\">{\"@context\":\"https:\\\/\\\/schema.org\",\"@graph\":[{\"@type\":\"WebPage\",\"@id\":\"https:\\\/\\\/genetics-sale.ch\\\/fr\\\/agb\\\/\",\"url\":\"https:\\\/\\\/genetics-sale.ch\\\/fr\\\/agb\\\/\",\"name\":\"AGB - Genetics Sale\",\"isPartOf\":{\"@id\":\"https:\\\/\\\/genetics-sale.ch\\\/#website\"},\"datePublished\":\"2020-09-20T15:53:02+00:00\",\"dateModified\":\"2021-05-16T10:03:36+00:00\",\"breadcrumb\":{\"@id\":\"https:\\\/\\\/genetics-sale.ch\\\/fr\\\/agb\\\/#breadcrumb\"},\"inLanguage\":\"fr-FR\",\"potentialAction\":[{\"@type\":\"ReadAction\",\"target\":[\"https:\\\/\\\/genetics-sale.ch\\\/fr\\\/agb\\\/\"]}]},{\"@type\":\"BreadcrumbList\",\"@id\":\"https:\\\/\\\/genetics-sale.ch\\\/fr\\\/agb\\\/#breadcrumb\",\"itemListElement\":[{\"@type\":\"ListItem\",\"position\":1,\"name\":\"Startseite\",\"item\":\"https:\\\/\\\/genetics-sale.ch\\\/\"},{\"@type\":\"ListItem\",\"position\":2,\"name\":\"AGB\"}]},{\"@type\":\"WebSite\",\"@id\":\"https:\\\/\\\/genetics-sale.ch\\\/#website\",\"url\":\"https:\\\/\\\/genetics-sale.ch\\\/\",\"name\":\"Genetics Sale\",\"description\":\"Die L\u00f6sung des modernen und fairen Handels\",\"publisher\":{\"@id\":\"https:\\\/\\\/genetics-sale.ch\\\/#organization\"},\"potentialAction\":[{\"@type\":\"SearchAction\",\"target\":{\"@type\":\"EntryPoint\",\"urlTemplate\":\"https:\\\/\\\/genetics-sale.ch\\\/?s={search_term_string}\"},\"query-input\":{\"@type\":\"PropertyValueSpecification\",\"valueRequired\":true,\"valueName\":\"search_term_string\"}}],\"inLanguage\":\"fr-FR\"},{\"@type\":\"Organization\",\"@id\":\"https:\\\/\\\/genetics-sale.ch\\\/#organization\",\"name\":\"Genetics Sale\",\"url\":\"https:\\\/\\\/genetics-sale.ch\\\/\",\"logo\":{\"@type\":\"ImageObject\",\"inLanguage\":\"fr-FR\",\"@id\":\"https:\\\/\\\/genetics-sale.ch\\\/#\\\/schema\\\/logo\\\/image\\\/\",\"url\":\"https:\\\/\\\/genetics-sale.ch\\\/wp-content\\\/uploads\\\/2020\\\/09\\\/GeneticsSale.png\",\"contentUrl\":\"https:\\\/\\\/genetics-sale.ch\\\/wp-content\\\/uploads\\\/2020\\\/09\\\/GeneticsSale.png\",\"width\":6201,\"height\":2501,\"caption\":\"Genetics Sale\"},\"image\":{\"@id\":\"https:\\\/\\\/genetics-sale.ch\\\/#\\\/schema\\\/logo\\\/image\\\/\"},\"sameAs\":[\"https:\\\/\\\/www.facebook.com\\\/Genetics-Sale-107750501087256\",\"https:\\\/\\\/www.youtube.com\\\/channel\\\/UCNLUm6YZPXhuAlGd_gphb1w?reload=9\"]}]}<\/script>\n<!-- \/ Yoast SEO plugin. -->","yoast_head_json":{"title":"AGB - Genetics Sale","robots":{"index":"index","follow":"follow","max-snippet":"max-snippet:-1","max-image-preview":"max-image-preview:large","max-video-preview":"max-video-preview:-1"},"canonical":"https:\/\/genetics-sale.ch\/fr\/agb\/","og_locale":"fr_FR","og_type":"article","og_title":"AGB - Genetics Sale","og_description":"Allgemeine Gesch\u00e4ftsbedingungen Vorbemerkungen, G\u00fcltigkeit genetics-sale.ch unterh\u00e4lt Internetdienste, die es nat\u00fcrlichen&hellip;  Lire la suite","og_url":"https:\/\/genetics-sale.ch\/fr\/agb\/","og_site_name":"Genetics Sale","article_publisher":"https:\/\/www.facebook.com\/Genetics-Sale-107750501087256","article_modified_time":"2021-05-16T10:03:36+00:00","twitter_card":"summary_large_image","twitter_misc":{"Dur\u00e9e de lecture estim\u00e9e":"7 minutes"},"schema":{"@context":"https:\/\/schema.org","@graph":[{"@type":"WebPage","@id":"https:\/\/genetics-sale.ch\/fr\/agb\/","url":"https:\/\/genetics-sale.ch\/fr\/agb\/","name":"AGB - Genetics Sale","isPartOf":{"@id":"https:\/\/genetics-sale.ch\/#website"},"datePublished":"2020-09-20T15:53:02+00:00","dateModified":"2021-05-16T10:03:36+00:00","breadcrumb":{"@id":"https:\/\/genetics-sale.ch\/fr\/agb\/#breadcrumb"},"inLanguage":"fr-FR","potentialAction":[{"@type":"ReadAction","target":["https:\/\/genetics-sale.ch\/fr\/agb\/"]}]},{"@type":"BreadcrumbList","@id":"https:\/\/genetics-sale.ch\/fr\/agb\/#breadcrumb","itemListElement":[{"@type":"ListItem","position":1,"name":"Startseite","item":"https:\/\/genetics-sale.ch\/"},{"@type":"ListItem","position":2,"name":"AGB"}]},{"@type":"WebSite","@id":"https:\/\/genetics-sale.ch\/#website","url":"https:\/\/genetics-sale.ch\/","name":"Genetics Sale","description":"La solution pour un commerce moderne et \u00e9quitable.","publisher":{"@id":"https:\/\/genetics-sale.ch\/#organization"},"potentialAction":[{"@type":"SearchAction","target":{"@type":"EntryPoint","urlTemplate":"https:\/\/genetics-sale.ch\/?s={search_term_string}"},"query-input":{"@type":"PropertyValueSpecification","valueRequired":true,"valueName":"search_term_string"}}],"inLanguage":"fr-FR"},{"@type":"Organization","@id":"https:\/\/genetics-sale.ch\/#organization","name":"Genetics Sale","url":"https:\/\/genetics-sale.ch\/","logo":{"@type":"ImageObject","inLanguage":"fr-FR","@id":"https:\/\/genetics-sale.ch\/#\/schema\/logo\/image\/","url":"https:\/\/genetics-sale.ch\/wp-content\/uploads\/2020\/09\/GeneticsSale.png","contentUrl":"https:\/\/genetics-sale.ch\/wp-content\/uploads\/2020\/09\/GeneticsSale.png","width":6201,"height":2501,"caption":"Genetics Sale"},"image":{"@id":"https:\/\/genetics-sale.ch\/#\/schema\/logo\/image\/"},"sameAs":["https:\/\/www.facebook.com\/Genetics-Sale-107750501087256","https:\/\/www.youtube.com\/channel\/UCNLUm6YZPXhuAlGd_gphb1w?reload=9"]}]}},"_links":{"self":[{"href":"https:\/\/genetics-sale.ch\/fr\/wp-json\/wp\/v2\/pages\/29057","targetHints":{"allow":["GET"]}}],"collection":[{"href":"https:\/\/genetics-sale.ch\/fr\/wp-json\/wp\/v2\/pages"}],"about":[{"href":"https:\/\/genetics-sale.ch\/fr\/wp-json\/wp\/v2\/types\/page"}],"author":[{"embeddable":true,"href":"https:\/\/genetics-sale.ch\/fr\/wp-json\/wp\/v2\/users\/1"}],"replies":[{"embeddable":true,"href":"https:\/\/genetics-sale.ch\/fr\/wp-json\/wp\/v2\/comments?post=29057"}],"version-history":[{"count":7,"href":"https:\/\/genetics-sale.ch\/fr\/wp-json\/wp\/v2\/pages\/29057\/revisions"}],"predecessor-version":[{"id":30125,"href":"https:\/\/genetics-sale.ch\/fr\/wp-json\/wp\/v2\/pages\/29057\/revisions\/30125"}],"wp:attachment":[{"href":"https:\/\/genetics-sale.ch\/fr\/wp-json\/wp\/v2\/media?parent=29057"}],"curies":[{"name":"wp","href":"https:\/\/api.w.org\/{rel}","templated":true}]}}