{"id":30146,"date":"2021-05-16T13:37:23","date_gmt":"2021-05-16T11:37:23","guid":{"rendered":"https:\/\/genetics-sale.ch\/?page_id=30146"},"modified":"2021-05-16T13:42:13","modified_gmt":"2021-05-16T11:42:13","slug":"cookie-policy","status":"publish","type":"page","link":"https:\/\/genetics-sale.ch\/fr\/cookie-policy\/","title":{"rendered":"Cookie Policy"},"content":{"rendered":"<div data-elementor-type=\"wp-page\" data-elementor-id=\"30146\" class=\"elementor elementor-30146\" data-elementor-post-type=\"page\">\n\t\t\t\t\t\t<section class=\"elementor-section elementor-top-section elementor-element elementor-element-7751e41a elementor-section-boxed elementor-section-height-default elementor-section-height-default\" data-id=\"7751e41a\" data-element_type=\"section\" data-e-type=\"section\">\n\t\t\t\t\t\t<div class=\"elementor-container elementor-column-gap-default\">\n\t\t\t\t\t<div class=\"elementor-column elementor-col-100 elementor-top-column elementor-element elementor-element-151ee90b\" data-id=\"151ee90b\" data-element_type=\"column\" data-e-type=\"column\">\n\t\t\t<div class=\"elementor-widget-wrap elementor-element-populated\">\n\t\t\t\t\t\t<div class=\"elementor-element elementor-element-35f352c7 elementor-widget elementor-widget-text-editor\" data-id=\"35f352c7\" data-element_type=\"widget\" data-e-type=\"widget\" data-widget_type=\"text-editor.default\">\n\t\t\t\t<div class=\"elementor-widget-container\">\n\t\t\t\t\t\t\t\t\t<div class=\"cli_pg_page_contaner\"><h3>\u00dcber diese Cookie-Richtlinie<\/h3><div><p>Diese Cookie-Richtlinie erkl\u00e4rt, was Cookies sind und wie wir sie verwenden, welche Arten von Cookies wir verwenden, welche Informationen wir mithilfe von Cookies sammeln und wie diese Informationen verwendet werden, und wie Sie die Cookie-Einstellungen steuern k\u00f6nnen. Weitere Informationen dar\u00fcber, wie wir Ihre pers\u00f6nlichen Daten verwenden, speichern und sicher aufbewahren, finden Sie in unserer Datenschutzrichtlinie.<\/p><p>Sie k\u00f6nnen Ihre Einwilligung in der Cookie-Erkl\u00e4rung auf unserer Website jederzeit \u00e4ndern oder widerrufen<br \/>Erfahren Sie mehr dar\u00fcber, wer wir sind, wie Sie uns kontaktieren k\u00f6nnen und wie wir personenbezogene Daten verarbeiten, in unserer Datenschutzrichtlinie.<br \/>Ihr Einverst\u00e4ndnis gilt f\u00fcr die folgenden Domains: genetics-sale.ch<\/p><p><div class=\"cli_user_consent_state\">Votre \u00e9tat actuel\u00a0: Aucun consentement donn\u00e9. <a class=\"cli_manage_current_consent\" style=\"cursor:pointer;text-decoration:underline;\">G\u00e9rez votre consentement.<\/a> <\/div><\/p><\/div><h3>Was sind Cookies ?<\/h3><div>Cookies sind kleine Textdateien, die dazu dienen, kleine Informationen zu speichern. Sie werden auf Ihrem Ger\u00e4t gespeichert, wenn die Website in Ihrem Browser geladen wird. Diese Cookies helfen uns, die Website ordnungsgem\u00e4\u00df funktionieren zu lassen, sie sicherer zu machen, eine bessere Benutzererfahrung zu bieten und zu verstehen, wie die Website funktioniert und zu analysieren, was funktioniert und wo sie verbessert werden muss.<\/div><h3>Wie verwenden wir Cookies ?<\/h3><div><p>Wie die meisten Online-Dienste verwendet auch unsere Website Erstanbieter- und Drittanbieter-Cookies f\u00fcr verschiedene Zwecke. Cookies von Erstanbietern sind meist notwendig, damit die Website richtig funktioniert, und sie sammeln keine pers\u00f6nlich identifizierbaren Daten von Ihnen.<\/p><p>Die Cookies von Drittanbietern, die auf unserer Website verwendet werden, dienen haupts\u00e4chlich dazu, zu verstehen, wie die Website funktioniert, wie Sie mit unserer Website interagieren, unsere Dienste sicher zu halten, Werbung bereitzustellen, die f\u00fcr Sie relevant ist, und alles in allem Ihnen eine bessere und verbesserte Benutzererfahrung zu bieten und Ihre zuk\u00fcnftigen Interaktionen mit unserer Website zu beschleunigen.<\/p><\/div><h3>Welche Arten von Cookies verwenden wir ?<\/h3><div><p>Unverzichtbar: Einige Cookies sind unerl\u00e4sslich, damit Sie die volle Funktionalit\u00e4t unserer Website nutzen k\u00f6nnen. Sie erm\u00f6glichen es uns, Benutzersitzungen aufrechtzuerhalten und eventuelle Sicherheitsbedrohungen zu verhindern. Sie sammeln oder speichern keine pers\u00f6nlichen Informationen. Diese Cookies erm\u00f6glichen es Ihnen zum Beispiel, sich bei Ihrem Konto anzumelden, Produkte in Ihren Warenkorb zu legen und sicher zur Kasse zu gehen.<\/p><p>Statistik: Diese Cookies speichern Informationen wie die Anzahl der Besucher der Website, die Anzahl der eindeutigen Besucher, welche Seiten der Website besucht wurden, die Quelle des Besuchs, usw. Diese Daten helfen uns zu verstehen und zu analysieren, wie gut die Website funktioniert und wo sie verbessert werden muss.<\/p><p>Marketing: Auf unserer Website wird Werbung angezeigt. Diese Cookies werden verwendet, um die Werbung, die wir Ihnen zeigen, so zu personalisieren, dass sie f\u00fcr Sie sinnvoll ist. Diese Cookies helfen uns auch, die Effizienz dieser Werbekampagnen zu verfolgen.<br \/>Die in diesen Cookies gespeicherten Informationen k\u00f6nnen auch von den Drittanbietern von Werbung verwendet werden, um Ihnen Werbung auch auf anderen Websites im Browser anzuzeigen.<\/p><p>Funktional: Dies sind die Cookies, die bestimmte nicht-essentielle Funktionalit\u00e4ten auf unserer Website unterst\u00fctzen. Zu diesen Funktionalit\u00e4ten geh\u00f6ren das Einbetten von Inhalten wie Videos oder das Teilen von Inhalten der Website auf Social-Media-Plattformen.<\/p><p>Pr\u00e4ferenzen: Diese Cookies helfen uns, Ihre Einstellungen und Browsing-Pr\u00e4ferenzen wie Sprachpr\u00e4ferenzen zu speichern, damit Sie bei zuk\u00fcnftigen Besuchen der Website ein besseres und effizienteres Erlebnis haben.<\/p><p><p>The below list details the cookies used in our website.<\/p><table class=\"cookielawinfo-row-cat-table cookielawinfo-classic\"><thead><tr><th class=\"cookielawinfo-column-1\">Cookie<\/th><th class=\"cookielawinfo-column-4\">Description<\/th><\/tr><\/thead><tbody><tr class=\"cookielawinfo-row\"><td class=\"cookielawinfo-column-1\">_ga<\/td><td class=\"cookielawinfo-column-4\">This cookie is installed by Google Analytics. The cookie is used to calculate visitor, session, campaign data and keep track of site usage for the site&#8217;s analytics report. The cookies store information anonymously and assign a randomly generated number to identify unique visitors.<\/td><\/tr><tr class=\"cookielawinfo-row\"><td class=\"cookielawinfo-column-1\">_gid<\/td><td class=\"cookielawinfo-column-4\">This cookie is installed by Google Analytics. The cookie is used to store information of how visitors use a website and helps in creating an analytics report of how the website is doing. The data collected including the number visitors, the source where they have come from, and the pages visted in an anonymous form.<\/td><\/tr><tr class=\"cookielawinfo-row\"><td class=\"cookielawinfo-column-1\">cookielawinfo-checbox-analytics<\/td><td class=\"cookielawinfo-column-4\">This cookie is set by GDPR Cookie Consent plugin. The cookie is used to store the user consent for the cookies in the category &#8222;Analytics&#8220;.<\/td><\/tr><tr class=\"cookielawinfo-row\"><td class=\"cookielawinfo-column-1\">cookielawinfo-checbox-functional<\/td><td class=\"cookielawinfo-column-4\">The cookie is set by GDPR cookie consent to record the user consent for the cookies in the category &#8222;Functional&#8220;.<\/td><\/tr><tr class=\"cookielawinfo-row\"><td class=\"cookielawinfo-column-1\">cookielawinfo-checbox-others<\/td><td class=\"cookielawinfo-column-4\">This cookie is set by GDPR Cookie Consent plugin. The cookie is used to store the user consent for the cookies in the category &#8222;Other.<\/td><\/tr><tr class=\"cookielawinfo-row\"><td class=\"cookielawinfo-column-1\">cookielawinfo-checkbox-advertisement<\/td><td class=\"cookielawinfo-column-4\">The cookie is set by GDPR cookie consent to record the user consent for the cookies in the category &#8222;Advertisement&#8220;.<\/td><\/tr><tr class=\"cookielawinfo-row\"><td class=\"cookielawinfo-column-1\">cookielawinfo-checkbox-necessary<\/td><td class=\"cookielawinfo-column-4\">This cookie is set by GDPR Cookie Consent plugin. The cookies is used to store the user consent for the cookies in the category &#8222;Necessary&#8220;.<\/td><\/tr><tr class=\"cookielawinfo-row\"><td class=\"cookielawinfo-column-1\">cookielawinfo-checkbox-performance<\/td><td class=\"cookielawinfo-column-4\">This cookie is set by GDPR Cookie Consent plugin. The cookie is used to store the user consent for the cookies in the category &#8222;Performance&#8220;.<\/td><\/tr><tr class=\"cookielawinfo-row\"><td class=\"cookielawinfo-column-1\">IDE<\/td><td class=\"cookielawinfo-column-4\">Used by Google DoubleClick and stores information about how the user uses the website and any other advertisement before visiting the website. This is used to present users with ads that are relevant to them according to the user profile.<\/td><\/tr><tr class=\"cookielawinfo-row\"><td class=\"cookielawinfo-column-1\">PHPSESSID<\/td><td class=\"cookielawinfo-column-4\">This cookie is native to PHP applications. The cookie is used to store and identify a users&#8216; unique session ID for the purpose of managing user session on the website. The cookie is a session cookies and is deleted when all the browser windows are closed.<\/td><\/tr><tr class=\"cookielawinfo-row\"><td class=\"cookielawinfo-column-1\">test_cookie<\/td><td class=\"cookielawinfo-column-4\">This cookie is set by doubleclick.net. The purpose of the cookie is to determine if the user&#8217;s browser supports cookies.<\/td><\/tr><tr class=\"cookielawinfo-row\"><td class=\"cookielawinfo-column-1\">viewed_cookie_policy<\/td><td class=\"cookielawinfo-column-4\">The cookie is set by the GDPR Cookie Consent plugin and is used to store whether or not user has consented to the use of cookies. It does not store any personal data.<\/td><\/tr><tr class=\"cookielawinfo-row\"><td class=\"cookielawinfo-column-1\">VISITOR_INFO1_LIVE<\/td><td class=\"cookielawinfo-column-4\">This cookie is set by Youtube. Used to track the information of the embedded YouTube videos on a website.<\/td><\/tr><tr class=\"cookielawinfo-row\"><td class=\"cookielawinfo-column-1\">YSC<\/td><td class=\"cookielawinfo-column-4\">This cookies is set by Youtube and is used to track the views of embedded videos.<\/td><\/tr><\/tbody><\/table><\/p><\/div><h3>Wie kann ich die Cookie-Einstellungen steuern ?<\/h3><div><p>Sollten Sie sich entscheiden, Ihre Einstellungen sp\u00e4ter w\u00e4hrend Ihrer Browsing-Sitzung zu \u00e4ndern, k\u00f6nnen Sie auf Ihrem Bildschirm auf die Registerkarte &#8222;Datenschutz &amp; Cookie-Richtlinie&#8220; klicken. Dadurch wird der Hinweis auf die Einwilligung erneut angezeigt, so dass Sie Ihre Einstellungen \u00e4ndern oder Ihre Einwilligung vollst\u00e4ndig widerrufen k\u00f6nnen.<\/p><p>Dar\u00fcber hinaus bieten verschiedene Browser unterschiedliche Methoden zum Blockieren und L\u00f6schen von Cookies, die von Websites verwendet werden. Sie k\u00f6nnen die Einstellungen Ihres Browsers \u00e4ndern, um die Cookies zu blockieren\/l\u00f6schen. Um mehr dar\u00fcber zu erfahren, wie Sie Cookies verwalten und l\u00f6schen k\u00f6nnen, besuchen Sie wikipedia.org, www.allaboutcookies.org.<\/p><\/div><\/div>\t\t\t\t\t\t\t\t<\/div>\n\t\t\t\t<\/div>\n\t\t\t\t\t<\/div>\n\t\t<\/div>\n\t\t\t\t\t<\/div>\n\t\t<\/section>\n\t\t\t\t<\/div>","protected":false},"excerpt":{"rendered":"<p>\u00dcber diese Cookie-Richtlinie Diese Cookie-Richtlinie erkl\u00e4rt, was Cookies sind und&hellip;<\/p>\n<p> <a class=\"more-link\" href=\"https:\/\/genetics-sale.ch\/fr\/cookie-policy\/\">Lire la suite<\/a><\/p>","protected":false},"author":1,"featured_media":0,"parent":0,"menu_order":0,"comment_status":"closed","ping_status":"closed","template":"","meta":{"_acf_changed":false,"footnotes":""},"class_list":["post-30146","page","type-page","status-publish"],"acf":[],"yoast_head":"<!-- This site is optimized with the Yoast SEO plugin v27.5 - https:\/\/yoast.com\/product\/yoast-seo-wordpress\/ -->\n<title>Cookie Policy - Genetics Sale<\/title>\n<meta name=\"robots\" content=\"index, follow, max-snippet:-1, max-image-preview:large, max-video-preview:-1\" \/>\n<link rel=\"canonical\" href=\"https:\/\/genetics-sale.ch\/fr\/cookie-policy\/\" \/>\n<meta property=\"og:locale\" content=\"fr_FR\" \/>\n<meta property=\"og:type\" content=\"article\" \/>\n<meta property=\"og:title\" content=\"Cookie Policy - Genetics Sale\" \/>\n<meta property=\"og:description\" content=\"\u00dcber diese Cookie-Richtlinie Diese Cookie-Richtlinie erkl\u00e4rt, was Cookies sind und&hellip;  Lire la suite\" \/>\n<meta property=\"og:url\" content=\"https:\/\/genetics-sale.ch\/fr\/cookie-policy\/\" \/>\n<meta property=\"og:site_name\" content=\"Genetics Sale\" \/>\n<meta property=\"article:publisher\" content=\"https:\/\/www.facebook.com\/Genetics-Sale-107750501087256\" \/>\n<meta property=\"article:modified_time\" content=\"2021-05-16T11:42:13+00:00\" \/>\n<meta name=\"twitter:card\" content=\"summary_large_image\" \/>\n<meta name=\"twitter:label1\" content=\"Dur\u00e9e de lecture estim\u00e9e\" \/>\n\t<meta name=\"twitter:data1\" content=\"3 minutes\" \/>\n<script type=\"application\/ld+json\" class=\"yoast-schema-graph\">{\"@context\":\"https:\\\/\\\/schema.org\",\"@graph\":[{\"@type\":\"WebPage\",\"@id\":\"https:\\\/\\\/genetics-sale.ch\\\/cookie-policy\\\/\",\"url\":\"https:\\\/\\\/genetics-sale.ch\\\/cookie-policy\\\/\",\"name\":\"Cookie Policy - Genetics Sale\",\"isPartOf\":{\"@id\":\"https:\\\/\\\/genetics-sale.ch\\\/#website\"},\"datePublished\":\"2021-05-16T11:37:23+00:00\",\"dateModified\":\"2021-05-16T11:42:13+00:00\",\"breadcrumb\":{\"@id\":\"https:\\\/\\\/genetics-sale.ch\\\/cookie-policy\\\/#breadcrumb\"},\"inLanguage\":\"fr-FR\",\"potentialAction\":[{\"@type\":\"ReadAction\",\"target\":[\"https:\\\/\\\/genetics-sale.ch\\\/cookie-policy\\\/\"]}]},{\"@type\":\"BreadcrumbList\",\"@id\":\"https:\\\/\\\/genetics-sale.ch\\\/cookie-policy\\\/#breadcrumb\",\"itemListElement\":[{\"@type\":\"ListItem\",\"position\":1,\"name\":\"Startseite\",\"item\":\"https:\\\/\\\/genetics-sale.ch\\\/\"},{\"@type\":\"ListItem\",\"position\":2,\"name\":\"Cookie Policy\"}]},{\"@type\":\"WebSite\",\"@id\":\"https:\\\/\\\/genetics-sale.ch\\\/#website\",\"url\":\"https:\\\/\\\/genetics-sale.ch\\\/\",\"name\":\"Genetics Sale\",\"description\":\"Die L\u00f6sung des modernen und fairen Handels\",\"publisher\":{\"@id\":\"https:\\\/\\\/genetics-sale.ch\\\/#organization\"},\"potentialAction\":[{\"@type\":\"SearchAction\",\"target\":{\"@type\":\"EntryPoint\",\"urlTemplate\":\"https:\\\/\\\/genetics-sale.ch\\\/?s={search_term_string}\"},\"query-input\":{\"@type\":\"PropertyValueSpecification\",\"valueRequired\":true,\"valueName\":\"search_term_string\"}}],\"inLanguage\":\"fr-FR\"},{\"@type\":\"Organization\",\"@id\":\"https:\\\/\\\/genetics-sale.ch\\\/#organization\",\"name\":\"Genetics Sale\",\"url\":\"https:\\\/\\\/genetics-sale.ch\\\/\",\"logo\":{\"@type\":\"ImageObject\",\"inLanguage\":\"fr-FR\",\"@id\":\"https:\\\/\\\/genetics-sale.ch\\\/#\\\/schema\\\/logo\\\/image\\\/\",\"url\":\"https:\\\/\\\/genetics-sale.ch\\\/wp-content\\\/uploads\\\/2020\\\/09\\\/GeneticsSale.png\",\"contentUrl\":\"https:\\\/\\\/genetics-sale.ch\\\/wp-content\\\/uploads\\\/2020\\\/09\\\/GeneticsSale.png\",\"width\":6201,\"height\":2501,\"caption\":\"Genetics Sale\"},\"image\":{\"@id\":\"https:\\\/\\\/genetics-sale.ch\\\/#\\\/schema\\\/logo\\\/image\\\/\"},\"sameAs\":[\"https:\\\/\\\/www.facebook.com\\\/Genetics-Sale-107750501087256\",\"https:\\\/\\\/www.youtube.com\\\/channel\\\/UCNLUm6YZPXhuAlGd_gphb1w?reload=9\"]}]}<\/script>\n<!-- \/ Yoast SEO plugin. -->","yoast_head_json":{"title":"Cookie Policy - Genetics Sale","robots":{"index":"index","follow":"follow","max-snippet":"max-snippet:-1","max-image-preview":"max-image-preview:large","max-video-preview":"max-video-preview:-1"},"canonical":"https:\/\/genetics-sale.ch\/fr\/cookie-policy\/","og_locale":"fr_FR","og_type":"article","og_title":"Cookie Policy - Genetics Sale","og_description":"\u00dcber diese Cookie-Richtlinie Diese Cookie-Richtlinie erkl\u00e4rt, was Cookies sind und&hellip;  Lire la suite","og_url":"https:\/\/genetics-sale.ch\/fr\/cookie-policy\/","og_site_name":"Genetics Sale","article_publisher":"https:\/\/www.facebook.com\/Genetics-Sale-107750501087256","article_modified_time":"2021-05-16T11:42:13+00:00","twitter_card":"summary_large_image","twitter_misc":{"Dur\u00e9e de lecture estim\u00e9e":"3 minutes"},"schema":{"@context":"https:\/\/schema.org","@graph":[{"@type":"WebPage","@id":"https:\/\/genetics-sale.ch\/cookie-policy\/","url":"https:\/\/genetics-sale.ch\/cookie-policy\/","name":"Cookie Policy - Genetics Sale","isPartOf":{"@id":"https:\/\/genetics-sale.ch\/#website"},"datePublished":"2021-05-16T11:37:23+00:00","dateModified":"2021-05-16T11:42:13+00:00","breadcrumb":{"@id":"https:\/\/genetics-sale.ch\/cookie-policy\/#breadcrumb"},"inLanguage":"fr-FR","potentialAction":[{"@type":"ReadAction","target":["https:\/\/genetics-sale.ch\/cookie-policy\/"]}]},{"@type":"BreadcrumbList","@id":"https:\/\/genetics-sale.ch\/cookie-policy\/#breadcrumb","itemListElement":[{"@type":"ListItem","position":1,"name":"Startseite","item":"https:\/\/genetics-sale.ch\/"},{"@type":"ListItem","position":2,"name":"Cookie Policy"}]},{"@type":"WebSite","@id":"https:\/\/genetics-sale.ch\/#website","url":"https:\/\/genetics-sale.ch\/","name":"Genetics Sale","description":"La solution pour un commerce moderne et \u00e9quitable.","publisher":{"@id":"https:\/\/genetics-sale.ch\/#organization"},"potentialAction":[{"@type":"SearchAction","target":{"@type":"EntryPoint","urlTemplate":"https:\/\/genetics-sale.ch\/?s={search_term_string}"},"query-input":{"@type":"PropertyValueSpecification","valueRequired":true,"valueName":"search_term_string"}}],"inLanguage":"fr-FR"},{"@type":"Organization","@id":"https:\/\/genetics-sale.ch\/#organization","name":"Genetics Sale","url":"https:\/\/genetics-sale.ch\/","logo":{"@type":"ImageObject","inLanguage":"fr-FR","@id":"https:\/\/genetics-sale.ch\/#\/schema\/logo\/image\/","url":"https:\/\/genetics-sale.ch\/wp-content\/uploads\/2020\/09\/GeneticsSale.png","contentUrl":"https:\/\/genetics-sale.ch\/wp-content\/uploads\/2020\/09\/GeneticsSale.png","width":6201,"height":2501,"caption":"Genetics Sale"},"image":{"@id":"https:\/\/genetics-sale.ch\/#\/schema\/logo\/image\/"},"sameAs":["https:\/\/www.facebook.com\/Genetics-Sale-107750501087256","https:\/\/www.youtube.com\/channel\/UCNLUm6YZPXhuAlGd_gphb1w?reload=9"]}]}},"_links":{"self":[{"href":"https:\/\/genetics-sale.ch\/fr\/wp-json\/wp\/v2\/pages\/30146","targetHints":{"allow":["GET"]}}],"collection":[{"href":"https:\/\/genetics-sale.ch\/fr\/wp-json\/wp\/v2\/pages"}],"about":[{"href":"https:\/\/genetics-sale.ch\/fr\/wp-json\/wp\/v2\/types\/page"}],"author":[{"embeddable":true,"href":"https:\/\/genetics-sale.ch\/fr\/wp-json\/wp\/v2\/users\/1"}],"replies":[{"embeddable":true,"href":"https:\/\/genetics-sale.ch\/fr\/wp-json\/wp\/v2\/comments?post=30146"}],"version-history":[{"count":5,"href":"https:\/\/genetics-sale.ch\/fr\/wp-json\/wp\/v2\/pages\/30146\/revisions"}],"predecessor-version":[{"id":30151,"href":"https:\/\/genetics-sale.ch\/fr\/wp-json\/wp\/v2\/pages\/30146\/revisions\/30151"}],"wp:attachment":[{"href":"https:\/\/genetics-sale.ch\/fr\/wp-json\/wp\/v2\/media?parent=30146"}],"curies":[{"name":"wp","href":"https:\/\/api.w.org\/{rel}","templated":true}]}}